{"id":1664,"date":"2024-06-18T06:48:00","date_gmt":"2024-06-18T06:48:00","guid":{"rendered":"https:\/\/farmelder.eu\/gradivo-za-usposabljanje"},"modified":"2024-06-20T07:20:58","modified_gmt":"2024-06-20T07:20:58","slug":"gradivo-za-usposabljanje","status":"publish","type":"page","link":"https:\/\/farmelder.eu\/sl\/gradivo-za-usposabljanje","title":{"rendered":"Gradivo za usposabljanje"},"content":{"rendered":"\t\t<div data-elementor-type=\"wp-page\" data-elementor-id=\"1664\" class=\"elementor elementor-1664 elementor-1609\" data-elementor-post-type=\"page\">\n\t\t\t\t<div data-dce-background-color=\"#027940\" data-dce-background-overlay-color=\"#000000\" data-dce-background-image-url=\"https:\/\/farmelder.eu\/wp-content\/uploads\/2023\/03\/Biohof-Steinbock2-Germany-\u00a9-Biohof-Steinbock.jpg\" class=\"elementor-element elementor-element-ecad4bf e-flex e-con-boxed e-con e-parent\" data-id=\"ecad4bf\" data-element_type=\"container\" data-settings=\"{&quot;background_background&quot;:&quot;classic&quot;,&quot;background_motion_fx_motion_fx_scrolling&quot;:&quot;yes&quot;,&quot;background_motion_fx_devices&quot;:[&quot;desktop&quot;,&quot;tablet&quot;,&quot;mobile&quot;]}\">\n\t\t\t\t\t<div class=\"e-con-inner\">\n\t\t\t\t\t<\/div>\n\t\t\t\t<\/div>\n\t\t<div class=\"elementor-element elementor-element-0c2a599 e-flex e-con-boxed e-con e-parent\" data-id=\"0c2a599\" data-element_type=\"container\">\n\t\t\t\t\t<div class=\"e-con-inner\">\n\t\t\t\t<div class=\"elementor-element elementor-element-61ee1ab elementor-widget elementor-widget-heading\" data-id=\"61ee1ab\" data-element_type=\"widget\" data-widget_type=\"heading.default\">\n\t\t\t\t<div class=\"elementor-widget-container\">\n\t\t\t\t\t<h2 class=\"elementor-heading-title elementor-size-default\">Uvod v module usposabljanja<\/h2>\t\t\t\t<\/div>\n\t\t\t\t<\/div>\n\t\t\t\t<div class=\"elementor-element elementor-element-ff5728a elementor-widget elementor-widget-text-editor\" data-id=\"ff5728a\" data-element_type=\"widget\" data-widget_type=\"text-editor.default\">\n\t\t\t\t<div class=\"elementor-widget-container\">\n\t\t\t\t\t\t\t\t\t<p>Dobrodo\u0161li v poglavju izobra\u017eevalnih modulov projekta FarmElder.<\/p>\n<p>Preden za\u010dnete z izobra\u017eevanjem, vam \u017eelimo dati vpogled v module usposabljanja in vam na kratko predstaviti njihovo uporabo. Prosimo, da pozorno preberete uvod, da boste z izobra\u017eevanjem pridobili \u010dim ve\u010d spretnosti in znanj. <\/p>\n\t\t\t\t\t\t\t\t<\/div>\n\t\t\t\t<\/div>\n\t\t\t\t<div class=\"elementor-element elementor-element-8994765 elementor-align-center elementor-widget elementor-widget-button\" data-id=\"8994765\" data-element_type=\"widget\" data-widget_type=\"button.default\">\n\t\t\t\t<div class=\"elementor-widget-container\">\n\t\t\t\t\t\t\t\t\t<div class=\"elementor-button-wrapper\">\n\t\t\t\t\t<a class=\"elementor-button elementor-button-link elementor-size-sm\" href=\"#modules\">\n\t\t\t\t\t\t<span class=\"elementor-button-content-wrapper\">\n\t\t\t\t\t\t\t\t\t<span class=\"elementor-button-text\">Oglejte si module<\/span>\n\t\t\t\t\t<\/span>\n\t\t\t\t\t<\/a>\n\t\t\t\t<\/div>\n\t\t\t\t\t\t\t\t<\/div>\n\t\t\t\t<\/div>\n\t\t\t\t<div class=\"elementor-element elementor-element-4aa1308 elementor-widget elementor-widget-heading\" data-id=\"4aa1308\" data-element_type=\"widget\" data-widget_type=\"heading.default\">\n\t\t\t\t<div class=\"elementor-widget-container\">\n\t\t\t\t\t<h3 class=\"elementor-heading-title elementor-size-default\">1. Spretnosti, znanja in ve\u0161\u010dine v socialnem kmetijstvu za starej\u0161e<\/h3>\t\t\t\t<\/div>\n\t\t\t\t<\/div>\n\t\t\t\t<div class=\"elementor-element elementor-element-ed90f54 elementor-widget elementor-widget-text-editor\" data-id=\"ed90f54\" data-element_type=\"widget\" data-widget_type=\"text-editor.default\">\n\t\t\t\t<div class=\"elementor-widget-container\">\n\t\t\t\t\t\t\t\t\t<p>Predno smo pri\u010deli z razvijanjem modulov usposabljanja, smo izvedli raziskavo, da bi ugotovili glavne probleme in izzive socialnega kmetijstva s starej\u0161imi. Analizirali smo obstoje\u010de gradivo in \u0161tudije, se pogovarjali z uporabniki in si ogledali primere dobrih praks iz tega podro\u010dja. <\/p>\n<p>Analiza raziskav, nam je omogo\u010dila, da smo opredelili tista podro\u010dja, na katerih obstaja potreba po dodatnih mo\u017enostih usposabljanja. Rezultati raziskave in \u0161tudije primerov so zdaj na voljo kot publikacije na spletni strani FarmElder (www.farmelder.eu). Uporabo gradiva pa priporo\u010damo tudi, med izvedbo te\u010daja. <\/p>\n\t\t\t\t\t\t\t\t<\/div>\n\t\t\t\t<\/div>\n\t\t\t\t<div class=\"elementor-element elementor-element-072ef9c elementor-widget elementor-widget-heading\" data-id=\"072ef9c\" data-element_type=\"widget\" data-widget_type=\"heading.default\">\n\t\t\t\t<div class=\"elementor-widget-container\">\n\t\t\t\t\t<h3 class=\"elementor-heading-title elementor-size-default\">2. \u010casovni okvir za dokon\u010danje vseh modulov<\/h3>\t\t\t\t<\/div>\n\t\t\t\t<\/div>\n\t\t\t\t<div class=\"elementor-element elementor-element-01b6c19 elementor-widget elementor-widget-text-editor\" data-id=\"01b6c19\" data-element_type=\"widget\" data-widget_type=\"text-editor.default\">\n\t\t\t\t<div class=\"elementor-widget-container\">\n\t\t\t\t\t\t\t\t\t<p>Moduli usposabljanja zagotavljajo specifi\u010dne informacije o socialnem kmetijstvu za starej\u0161e in dajejo vpogled v prakso ter navdihujo\u010de zgodbe, zlasti za tiste, ki razmi\u0161ljajo o ve\u010dji vklju\u010denosti in zagotavljanju socialnih storitev na svoji kmetiji.<\/p>\n<p>Priporo\u010damo, da module podrobno preu\u010dite in ne hitite skozi njih. Vzemite si \u010das in jih morda ve\u010dkrat preglejte &#8211; morda znova in znova, \u010de je potrebno. <\/p>\n<p>Glede na hitrost u\u010denja in na dol\u017eino posamezne enote, je priporo\u010dljivo, da si za obravnavo vzamete vsaj 45-60 minut.<\/p>\n\t\t\t\t\t\t\t\t<\/div>\n\t\t\t\t<\/div>\n\t\t\t\t<div class=\"elementor-element elementor-element-36fee3e elementor-widget elementor-widget-heading\" data-id=\"36fee3e\" data-element_type=\"widget\" data-widget_type=\"heading.default\">\n\t\t\t\t<div class=\"elementor-widget-container\">\n\t\t\t\t\t<h3 class=\"elementor-heading-title elementor-size-default\">3. Na\u010dela samostojnega u\u010denja \u2013 kako uporabljati module usposabljanja<\/h3>\t\t\t\t<\/div>\n\t\t\t\t<\/div>\n\t\t\t\t<div class=\"elementor-element elementor-element-6ba7d4e elementor-widget elementor-widget-text-editor\" data-id=\"6ba7d4e\" data-element_type=\"widget\" data-widget_type=\"text-editor.default\">\n\t\t\t\t<div class=\"elementor-widget-container\">\n\t\t\t\t\t\t\t\t\t<p>Module usposabljanja smo zasnovali tako, da se lahko uporabljajo po vsej Evropi in so enako koristni za \u0161irok krog bralcev.<\/p>\n<p>Kako uporabljati module usposabljanja:<\/p>\n<ul>\n<li>Sprva lahko pregledate vse module na hitro, da dobite pregled nad vsebino, drugi\u010d pa se intenzivneje osredoto\u010dite na teme, ki vas osebno zanimajo.<\/li>\n<li>Vse module lahko pregledate postopoma, saj je bila celotna vsebina iz analize potreb na za\u010detku projekta strnjena in je tako posredovana \u0161iroka paleta pomembnega znanja. Vse ne bo pomembno v va\u0161i trenutni situaciji &#8211; morda pa bo v prihodnosti. <\/li>\n<li>Module lahko pregledate sami ali v skupini in izmenjate svoje ugotovitve ali mnenje.<\/li>\n<\/ul>\n\t\t\t\t\t\t\t\t<\/div>\n\t\t\t\t<\/div>\n\t\t\t\t<div class=\"elementor-element elementor-element-24b25c2 elementor-widget elementor-widget-menu-anchor\" data-id=\"24b25c2\" data-element_type=\"widget\" data-widget_type=\"menu-anchor.default\">\n\t\t\t\t<div class=\"elementor-widget-container\">\n\t\t\t\t\t\t\t<div class=\"elementor-menu-anchor\" id=\"modules\"><\/div>\n\t\t\t\t\t\t<\/div>\n\t\t\t\t<\/div>\n\t\t<div class=\"elementor-element elementor-element-07673b8 e-con-full e-flex e-con e-child\" data-id=\"07673b8\" data-element_type=\"container\">\n\t\t<div class=\"elementor-element elementor-element-c6c8842 e-con-full e-flex e-con e-child\" data-id=\"c6c8842\" data-element_type=\"container\" data-settings=\"{&quot;background_background&quot;:&quot;classic&quot;}\">\n\t\t\t\t<div class=\"elementor-element elementor-element-ca83d09 elementor-widget elementor-widget-heading\" data-id=\"ca83d09\" data-element_type=\"widget\" data-widget_type=\"heading.default\">\n\t\t\t\t<div class=\"elementor-widget-container\">\n\t\t\t\t\t<h3 class=\"elementor-heading-title elementor-size-default\">Modul 1 - Pregled socialnega kmetijstva za starej\u0161e\n<\/h3>\t\t\t\t<\/div>\n\t\t\t\t<\/div>\n\t\t<a class=\"elementor-element elementor-element-bbb721b e-con-full e-flex e-con e-child\" data-id=\"bbb721b\" data-element_type=\"container\" href=\"https:\/\/farmelder.eu\/sl\/farmelder_module1_unit1_en\" target=\"_blank\">\n\t\t\t\t<div class=\"elementor-element elementor-element-35190e0 elementor-widget__width-initial elementor-widget elementor-widget-heading\" data-id=\"35190e0\" data-element_type=\"widget\" data-widget_type=\"heading.default\">\n\t\t\t\t<div class=\"elementor-widget-container\">\n\t\t\t\t\t<span class=\"elementor-heading-title elementor-size-default\">Enota 1.1<\/span>\t\t\t\t<\/div>\n\t\t\t\t<\/div>\n\t\t\t\t<div class=\"elementor-element elementor-element-f19ad66 elementor-widget elementor-widget-text-editor\" data-id=\"f19ad66\" data-element_type=\"widget\" data-widget_type=\"text-editor.default\">\n\t\t\t\t<div class=\"elementor-widget-container\">\n\t\t\t\t\t\t\t\t\t<p><strong>Starej\u0161i v Evropi <\/strong><\/p>\n<p>V tej enoti boste spoznali demografske spremembe v Evropi in kako bodo te vplivale na starej\u0161e v prihodnjih letih. Predstavili vam bomo nekaj primerov teh izzivov, ter vam omogo\u010dil vpogled v to, kako bi se teh izzivov in vpra\u0161anj lotili. <\/p>\n\t\t\t\t\t\t\t\t<\/div>\n\t\t\t\t<\/div>\n\t\t\t\t<\/a>\n\t\t<a class=\"elementor-element elementor-element-1584db9 e-con-full e-flex e-con e-child\" data-id=\"1584db9\" data-element_type=\"container\" href=\"https:\/\/farmelder.eu\/sl\/farmelder_module1_unit2_en\" target=\"_blank\">\n\t\t\t\t<div class=\"elementor-element elementor-element-e755d46 elementor-widget__width-initial elementor-widget elementor-widget-heading\" data-id=\"e755d46\" data-element_type=\"widget\" data-widget_type=\"heading.default\">\n\t\t\t\t<div class=\"elementor-widget-container\">\n\t\t\t\t\t<span class=\"elementor-heading-title elementor-size-default\">Enota 1.2<\/span>\t\t\t\t<\/div>\n\t\t\t\t<\/div>\n\t\t\t\t<div class=\"elementor-element elementor-element-75fc1c1 elementor-widget elementor-widget-text-editor\" data-id=\"75fc1c1\" data-element_type=\"widget\" data-widget_type=\"text-editor.default\">\n\t\t\t\t<div class=\"elementor-widget-container\">\n\t\t\t\t\t\t\t\t\t<p><strong>Potrebe in izzivi starej\u0161ih<\/strong><\/p>\n<p>Spoznali boste potrebe starej\u0161ih, izzive, s katerimi se soo\u010dajo, prilo\u017enosti, tveganja, nevarnosti in prilo\u017enosti na pode\u017eelju. Preko modula boste bolje spoznali, kaj starej\u0161i ljudje \u010dutijo in s tem znanjem razumeli njihove potrebe. <\/p>\n\t\t\t\t\t\t\t\t<\/div>\n\t\t\t\t<\/div>\n\t\t\t\t<\/a>\n\t\t\t\t<\/div>\n\t\t<div class=\"elementor-element elementor-element-65301c0 e-con-full e-flex e-con e-child\" data-id=\"65301c0\" data-element_type=\"container\" data-settings=\"{&quot;background_background&quot;:&quot;classic&quot;}\">\n\t\t\t\t<div class=\"elementor-element elementor-element-2af4959 elementor-widget elementor-widget-heading\" data-id=\"2af4959\" data-element_type=\"widget\" data-widget_type=\"heading.default\">\n\t\t\t\t<div class=\"elementor-widget-container\">\n\t\t\t\t\t<h3 class=\"elementor-heading-title elementor-size-default\">Modul 2 - Izvajanje socialnega kmetijstva za starej\u0161e\n<\/h3>\t\t\t\t<\/div>\n\t\t\t\t<\/div>\n\t\t<a class=\"elementor-element elementor-element-8884a18 e-con-full e-flex e-con e-child\" data-id=\"8884a18\" data-element_type=\"container\" href=\"https:\/\/farmelder.eu\/sl\/farmelder_module2_unit-1_en\" target=\"_blank\">\n\t\t\t\t<div class=\"elementor-element elementor-element-6ceca99 elementor-widget__width-initial elementor-widget elementor-widget-heading\" data-id=\"6ceca99\" data-element_type=\"widget\" data-widget_type=\"heading.default\">\n\t\t\t\t<div class=\"elementor-widget-container\">\n\t\t\t\t\t<span class=\"elementor-heading-title elementor-size-default\">Enota 2.1<\/span>\t\t\t\t<\/div>\n\t\t\t\t<\/div>\n\t\t\t\t<div class=\"elementor-element elementor-element-4359234 elementor-widget elementor-widget-text-editor\" data-id=\"4359234\" data-element_type=\"widget\" data-widget_type=\"text-editor.default\">\n\t\t\t\t<div class=\"elementor-widget-container\">\n\t\t\t\t\t\t\t\t\t<p><strong>Socialne storitve na kmetiji za starej\u0161e<\/strong><\/p>\n<p>V tej u\u010dni enoti so predstavljene razli\u010dne oblike socialnih storitev na kmetijah. \u010ceprav so vse namenjene starej\u0161im, se lahko po obliki in obsegu zelo razlikujejo. Vsaka od storitev je ponazorjena s primeri iz \u0161tudij primerov FarmElder.  <\/p>\n\t\t\t\t\t\t\t\t<\/div>\n\t\t\t\t<\/div>\n\t\t\t\t<\/a>\n\t\t<a class=\"elementor-element elementor-element-486deac e-con-full e-flex e-con e-child\" data-id=\"486deac\" data-element_type=\"container\" href=\"https:\/\/farmelder.eu\/sl\/farmelder_module2_unit2_-en\" target=\"_blank\">\n\t\t\t\t<div class=\"elementor-element elementor-element-c4eb1d9 elementor-widget__width-initial elementor-widget elementor-widget-heading\" data-id=\"c4eb1d9\" data-element_type=\"widget\" data-widget_type=\"heading.default\">\n\t\t\t\t<div class=\"elementor-widget-container\">\n\t\t\t\t\t<span class=\"elementor-heading-title elementor-size-default\">Enota 2.2<\/span>\t\t\t\t<\/div>\n\t\t\t\t<\/div>\n\t\t\t\t<div class=\"elementor-element elementor-element-a9997c4 elementor-widget elementor-widget-text-editor\" data-id=\"a9997c4\" data-element_type=\"widget\" data-widget_type=\"text-editor.default\">\n\t\t\t\t<div class=\"elementor-widget-container\">\n\t\t\t\t\t\t\t\t\t<p><strong>Mehke ve\u0161\u010dine pri delu s starej\u0161imi ljudmi<\/strong><\/p>\n<p>Ta modul omogo\u010da razumevanje in uporabo mehkih ve\u0161\u010din, pomen komunikacije in re\u0161evanje konfliktov, ter slu\u0161ateljem omogo\u010da razmislek, kako kmet lahko s svojim delom vpliva na starej\u0161e.<\/p>\n\t\t\t\t\t\t\t\t<\/div>\n\t\t\t\t<\/div>\n\t\t\t\t<\/a>\n\t\t\t\t<\/div>\n\t\t<div class=\"elementor-element elementor-element-5f24a3c e-con-full e-flex e-con e-child\" data-id=\"5f24a3c\" data-element_type=\"container\" data-settings=\"{&quot;background_background&quot;:&quot;classic&quot;}\">\n\t\t\t\t<div class=\"elementor-element elementor-element-0053f77 elementor-widget elementor-widget-heading\" data-id=\"0053f77\" data-element_type=\"widget\" data-widget_type=\"heading.default\">\n\t\t\t\t<div class=\"elementor-widget-container\">\n\t\t\t\t\t<h3 class=\"elementor-heading-title elementor-size-default\">Modul 3 - Spodbujanje socialnega kmetijstva za starej\u0161e<\/h3>\t\t\t\t<\/div>\n\t\t\t\t<\/div>\n\t\t<a class=\"elementor-element elementor-element-5d26520 e-con-full e-flex e-con e-child\" data-id=\"5d26520\" data-element_type=\"container\" href=\"https:\/\/farmelder.eu\/sl\/farmelder_module3_unit1_en\" target=\"_blank\">\n\t\t\t\t<div class=\"elementor-element elementor-element-a76537f elementor-widget__width-initial elementor-widget elementor-widget-heading\" data-id=\"a76537f\" data-element_type=\"widget\" data-widget_type=\"heading.default\">\n\t\t\t\t<div class=\"elementor-widget-container\">\n\t\t\t\t\t<span class=\"elementor-heading-title elementor-size-default\">Enota 3.1<\/span>\t\t\t\t<\/div>\n\t\t\t\t<\/div>\n\t\t\t\t<div class=\"elementor-element elementor-element-7346951 elementor-widget elementor-widget-text-editor\" data-id=\"7346951\" data-element_type=\"widget\" data-widget_type=\"text-editor.default\">\n\t\t\t\t<div class=\"elementor-widget-container\">\n\t\t\t\t\t\t\t\t\t<p><strong>Sodelovanje in komunikacija<\/strong><\/p>\n<p>V tej enoti vam bomo predstavili osnovne komunikacijske ve\u0161\u010dine in vam pokazali, kako zgraditi uspe\u0161no sodelovanje\/partnerstvo. Vklju\u010duje opredelitev potreb, opredelitev podro\u010dja sodelovanja in kaj je pomembno pri iskanju za vzpostavitev partnerstva z drugimi kmetijami. <\/p>\n\t\t\t\t\t\t\t\t<\/div>\n\t\t\t\t<\/div>\n\t\t\t\t<\/a>\n\t\t<a class=\"elementor-element elementor-element-7017514 e-con-full e-flex e-con e-child\" data-id=\"7017514\" data-element_type=\"container\" href=\"https:\/\/farmelder.eu\/sl\/farmelder_module3_unit2_en\" target=\"_blank\">\n\t\t\t\t<div class=\"elementor-element elementor-element-14e1402 elementor-widget__width-initial elementor-widget elementor-widget-heading\" data-id=\"14e1402\" data-element_type=\"widget\" data-widget_type=\"heading.default\">\n\t\t\t\t<div class=\"elementor-widget-container\">\n\t\t\t\t\t<span class=\"elementor-heading-title elementor-size-default\">Enota 3.2<\/span>\t\t\t\t<\/div>\n\t\t\t\t<\/div>\n\t\t\t\t<div class=\"elementor-element elementor-element-ffe5113 elementor-widget elementor-widget-text-editor\" data-id=\"ffe5113\" data-element_type=\"widget\" data-widget_type=\"text-editor.default\">\n\t\t\t\t<div class=\"elementor-widget-container\">\n\t\t\t\t\t\t\t\t\t<p><strong>Zgodbe o socialnem kmetijstvu za starej\u0161e<\/strong><\/p>\n<p>V tej enoti pridobite osnovno znanje o tem, kako obve\u0161\u010dati o dejavnostih va\u0161e kmetije. Poka\u017ee vam, kako ustvariti in uspe\u0161no predstaviti zgodbo va\u0161e kmetije. <\/p>\n\t\t\t\t\t\t\t\t<\/div>\n\t\t\t\t<\/div>\n\t\t\t\t<\/a>\n\t\t\t\t<\/div>\n\t\t\t\t<\/div>\n\t\t\t\t\t<\/div>\n\t\t\t\t<\/div>\n\t\t<!-- dce invisible element 617bbb5 -->\t\t<\/div>\n\t\t","protected":false},"excerpt":{"rendered":"<p>Uvod v module usposabljanja Dobrodo\u0161li v poglavju izobra\u017eevalnih modulov projekta FarmElder. Preden za\u010dnete z izobra\u017eevanjem, vam \u017eelimo dati vpogled v module usposabljanja in vam na kratko predstaviti njihovo uporabo. Prosimo, da pozorno preberete uvod, da boste z izobra\u017eevanjem pridobili \u010dim ve\u010d spretnosti in znanj. Oglejte si module 1. Spretnosti, znanja in ve\u0161\u010dine v socialnem kmetijstvu [&hellip;]<\/p>\n","protected":false},"author":1,"featured_media":0,"parent":0,"menu_order":0,"comment_status":"closed","ping_status":"closed","template":"elementor_header_footer","meta":{"_acf_changed":false,"footnotes":""},"class_list":["post-1664","page","type-page","status-publish","hentry"],"acf":[],"yoast_head":"<!-- This site is optimized with the Yoast SEO plugin v24.5 - https:\/\/yoast.com\/wordpress\/plugins\/seo\/ -->\n<title>Gradivo za usposabljanje - FarmElder<\/title>\n<meta name=\"robots\" content=\"index, follow, max-snippet:-1, max-image-preview:large, max-video-preview:-1\" \/>\n<link rel=\"canonical\" href=\"https:\/\/farmelder.eu\/sl\/gradivo-za-usposabljanje\" \/>\n<meta property=\"og:locale\" content=\"sl_SI\" \/>\n<meta property=\"og:type\" content=\"article\" \/>\n<meta property=\"og:title\" content=\"Gradivo za usposabljanje - FarmElder\" \/>\n<meta property=\"og:description\" content=\"Uvod v module usposabljanja Dobrodo\u0161li v poglavju izobra\u017eevalnih modulov projekta FarmElder. Preden za\u010dnete z izobra\u017eevanjem, vam \u017eelimo dati vpogled v module usposabljanja in vam na kratko predstaviti njihovo uporabo. Prosimo, da pozorno preberete uvod, da boste z izobra\u017eevanjem pridobili \u010dim ve\u010d spretnosti in znanj. Oglejte si module 1. Spretnosti, znanja in ve\u0161\u010dine v socialnem kmetijstvu [&hellip;]\" \/>\n<meta property=\"og:url\" content=\"https:\/\/farmelder.eu\/sl\/gradivo-za-usposabljanje\" \/>\n<meta property=\"og:site_name\" content=\"FarmElder\" \/>\n<meta property=\"article:modified_time\" content=\"2024-06-20T07:20:58+00:00\" \/>\n<meta name=\"twitter:card\" content=\"summary_large_image\" \/>\n<meta name=\"twitter:label1\" content=\"Est. reading time\" \/>\n\t<meta name=\"twitter:data1\" content=\"3 minute\" \/>\n<script type=\"application\/ld+json\" class=\"yoast-schema-graph\">{\"@context\":\"https:\/\/schema.org\",\"@graph\":[{\"@type\":\"WebPage\",\"@id\":\"https:\/\/farmelder.eu\/sl\/gradivo-za-usposabljanje\",\"url\":\"https:\/\/farmelder.eu\/sl\/gradivo-za-usposabljanje\",\"name\":\"Gradivo za usposabljanje - FarmElder\",\"isPartOf\":{\"@id\":\"https:\/\/farmelder.eu\/#website\"},\"datePublished\":\"2024-06-18T06:48:00+00:00\",\"dateModified\":\"2024-06-20T07:20:58+00:00\",\"breadcrumb\":{\"@id\":\"https:\/\/farmelder.eu\/sl\/gradivo-za-usposabljanje#breadcrumb\"},\"inLanguage\":\"sl-SI\",\"potentialAction\":[{\"@type\":\"ReadAction\",\"target\":[\"https:\/\/farmelder.eu\/sl\/gradivo-za-usposabljanje\"]}]},{\"@type\":\"BreadcrumbList\",\"@id\":\"https:\/\/farmelder.eu\/sl\/gradivo-za-usposabljanje#breadcrumb\",\"itemListElement\":[{\"@type\":\"ListItem\",\"position\":1,\"name\":\"Home\",\"item\":\"https:\/\/farmelder.eu\/sl\/domov\"},{\"@type\":\"ListItem\",\"position\":2,\"name\":\"Gradivo za usposabljanje\"}]},{\"@type\":\"WebSite\",\"@id\":\"https:\/\/farmelder.eu\/#website\",\"url\":\"https:\/\/farmelder.eu\/\",\"name\":\"FarmElder\",\"description\":\"Social Farming for the Elderly\",\"publisher\":{\"@id\":\"https:\/\/farmelder.eu\/#organization\"},\"potentialAction\":[{\"@type\":\"SearchAction\",\"target\":{\"@type\":\"EntryPoint\",\"urlTemplate\":\"https:\/\/farmelder.eu\/?s={search_term_string}\"},\"query-input\":{\"@type\":\"PropertyValueSpecification\",\"valueRequired\":true,\"valueName\":\"search_term_string\"}}],\"inLanguage\":\"sl-SI\"},{\"@type\":\"Organization\",\"@id\":\"https:\/\/farmelder.eu\/#organization\",\"name\":\"FarmElder\",\"url\":\"https:\/\/farmelder.eu\/\",\"logo\":{\"@type\":\"ImageObject\",\"inLanguage\":\"sl-SI\",\"@id\":\"https:\/\/farmelder.eu\/#\/schema\/logo\/image\/\",\"url\":\"https:\/\/farmelder.eu\/wp-content\/uploads\/2022\/07\/Logotype_FarmElder-1-e1657271245827.png\",\"contentUrl\":\"https:\/\/farmelder.eu\/wp-content\/uploads\/2022\/07\/Logotype_FarmElder-1-e1657271245827.png\",\"width\":350,\"height\":197,\"caption\":\"FarmElder\"},\"image\":{\"@id\":\"https:\/\/farmelder.eu\/#\/schema\/logo\/image\/\"}}]}<\/script>\n<!-- \/ Yoast SEO plugin. -->","yoast_head_json":{"title":"Gradivo za usposabljanje - FarmElder","robots":{"index":"index","follow":"follow","max-snippet":"max-snippet:-1","max-image-preview":"max-image-preview:large","max-video-preview":"max-video-preview:-1"},"canonical":"https:\/\/farmelder.eu\/sl\/gradivo-za-usposabljanje","og_locale":"sl_SI","og_type":"article","og_title":"Gradivo za usposabljanje - FarmElder","og_description":"Uvod v module usposabljanja Dobrodo\u0161li v poglavju izobra\u017eevalnih modulov projekta FarmElder. Preden za\u010dnete z izobra\u017eevanjem, vam \u017eelimo dati vpogled v module usposabljanja in vam na kratko predstaviti njihovo uporabo. Prosimo, da pozorno preberete uvod, da boste z izobra\u017eevanjem pridobili \u010dim ve\u010d spretnosti in znanj. Oglejte si module 1. Spretnosti, znanja in ve\u0161\u010dine v socialnem kmetijstvu [&hellip;]","og_url":"https:\/\/farmelder.eu\/sl\/gradivo-za-usposabljanje","og_site_name":"FarmElder","article_modified_time":"2024-06-20T07:20:58+00:00","twitter_card":"summary_large_image","twitter_misc":{"Est. reading time":"3 minute"},"schema":{"@context":"https:\/\/schema.org","@graph":[{"@type":"WebPage","@id":"https:\/\/farmelder.eu\/sl\/gradivo-za-usposabljanje","url":"https:\/\/farmelder.eu\/sl\/gradivo-za-usposabljanje","name":"Gradivo za usposabljanje - FarmElder","isPartOf":{"@id":"https:\/\/farmelder.eu\/#website"},"datePublished":"2024-06-18T06:48:00+00:00","dateModified":"2024-06-20T07:20:58+00:00","breadcrumb":{"@id":"https:\/\/farmelder.eu\/sl\/gradivo-za-usposabljanje#breadcrumb"},"inLanguage":"sl-SI","potentialAction":[{"@type":"ReadAction","target":["https:\/\/farmelder.eu\/sl\/gradivo-za-usposabljanje"]}]},{"@type":"BreadcrumbList","@id":"https:\/\/farmelder.eu\/sl\/gradivo-za-usposabljanje#breadcrumb","itemListElement":[{"@type":"ListItem","position":1,"name":"Home","item":"https:\/\/farmelder.eu\/sl\/domov"},{"@type":"ListItem","position":2,"name":"Gradivo za usposabljanje"}]},{"@type":"WebSite","@id":"https:\/\/farmelder.eu\/#website","url":"https:\/\/farmelder.eu\/","name":"FarmElder","description":"Social Farming for the Elderly","publisher":{"@id":"https:\/\/farmelder.eu\/#organization"},"potentialAction":[{"@type":"SearchAction","target":{"@type":"EntryPoint","urlTemplate":"https:\/\/farmelder.eu\/?s={search_term_string}"},"query-input":{"@type":"PropertyValueSpecification","valueRequired":true,"valueName":"search_term_string"}}],"inLanguage":"sl-SI"},{"@type":"Organization","@id":"https:\/\/farmelder.eu\/#organization","name":"FarmElder","url":"https:\/\/farmelder.eu\/","logo":{"@type":"ImageObject","inLanguage":"sl-SI","@id":"https:\/\/farmelder.eu\/#\/schema\/logo\/image\/","url":"https:\/\/farmelder.eu\/wp-content\/uploads\/2022\/07\/Logotype_FarmElder-1-e1657271245827.png","contentUrl":"https:\/\/farmelder.eu\/wp-content\/uploads\/2022\/07\/Logotype_FarmElder-1-e1657271245827.png","width":350,"height":197,"caption":"FarmElder"},"image":{"@id":"https:\/\/farmelder.eu\/#\/schema\/logo\/image\/"}}]}},"_links":{"self":[{"href":"https:\/\/farmelder.eu\/sl\/wp-json\/wp\/v2\/pages\/1664","targetHints":{"allow":["GET"]}}],"collection":[{"href":"https:\/\/farmelder.eu\/sl\/wp-json\/wp\/v2\/pages"}],"about":[{"href":"https:\/\/farmelder.eu\/sl\/wp-json\/wp\/v2\/types\/page"}],"author":[{"embeddable":true,"href":"https:\/\/farmelder.eu\/sl\/wp-json\/wp\/v2\/users\/1"}],"replies":[{"embeddable":true,"href":"https:\/\/farmelder.eu\/sl\/wp-json\/wp\/v2\/comments?post=1664"}],"version-history":[{"count":2,"href":"https:\/\/farmelder.eu\/sl\/wp-json\/wp\/v2\/pages\/1664\/revisions"}],"predecessor-version":[{"id":1675,"href":"https:\/\/farmelder.eu\/sl\/wp-json\/wp\/v2\/pages\/1664\/revisions\/1675"}],"wp:attachment":[{"href":"https:\/\/farmelder.eu\/sl\/wp-json\/wp\/v2\/media?parent=1664"}],"curies":[{"name":"wp","href":"https:\/\/api.w.org\/{rel}","templated":true}]}}