{"id":1232,"date":"2023-03-14T16:56:30","date_gmt":"2023-03-14T16:56:30","guid":{"rendered":"https:\/\/farmelder.eu\/newsletters"},"modified":"2024-07-03T08:52:30","modified_gmt":"2024-07-03T08:52:30","slug":"newsletters","status":"publish","type":"page","link":"https:\/\/farmelder.eu\/sl\/newsletters","title":{"rendered":"Newsletters"},"content":{"rendered":"\t\t<div data-elementor-type=\"wp-page\" data-elementor-id=\"1232\" class=\"elementor elementor-1232 elementor-1024\" data-elementor-post-type=\"page\">\n\t\t\t\t\t\t<section data-dce-background-color=\"#027940\" data-dce-background-overlay-color=\"#000000\" data-dce-background-image-url=\"https:\/\/farmelder.eu\/wp-content\/uploads\/2023\/03\/Breeda-OSullivans-farm4-Ireland-\u00a9-Tadhg-Hayes-scaled.jpg\" class=\"elementor-section elementor-top-section elementor-element elementor-element-5b8be42 elementor-section-boxed elementor-section-height-default elementor-section-height-default\" data-id=\"5b8be42\" data-element_type=\"section\" data-settings=\"{&quot;background_background&quot;:&quot;classic&quot;,&quot;background_motion_fx_motion_fx_scrolling&quot;:&quot;yes&quot;,&quot;background_motion_fx_devices&quot;:[&quot;desktop&quot;,&quot;tablet&quot;,&quot;mobile&quot;]}\">\n\t\t\t\t\t\t\t<div class=\"elementor-background-overlay\"><\/div>\n\t\t\t\t\t\t\t<div class=\"elementor-container elementor-column-gap-default\">\n\t\t\t\t\t<div class=\"elementor-column elementor-col-100 elementor-top-column elementor-element elementor-element-98a33ec\" data-id=\"98a33ec\" data-element_type=\"column\">\n\t\t\t<div class=\"elementor-widget-wrap elementor-element-populated\">\n\t\t\t\t\t\t\t<\/div>\n\t\t<\/div>\n\t\t\t\t\t<\/div>\n\t\t<\/section>\n\t\t\t\t<section class=\"elementor-section elementor-top-section elementor-element elementor-element-3812ba8 elementor-section-content-middle elementor-section-boxed elementor-section-height-default elementor-section-height-default\" data-id=\"3812ba8\" data-element_type=\"section\">\n\t\t\t\t\t\t<div class=\"elementor-container elementor-column-gap-no\">\n\t\t\t\t\t<div class=\"elementor-column elementor-col-100 elementor-top-column elementor-element elementor-element-14a7f15\" data-id=\"14a7f15\" data-element_type=\"column\">\n\t\t\t<div class=\"elementor-widget-wrap elementor-element-populated\">\n\t\t\t\t\t\t<div class=\"elementor-element elementor-element-f0b02cc dce-col-3 dce-posts-layout-default dce-col-tablet-3 dce-col-mobile-1 dce-align-left elementor-widget elementor-widget-dce-dynamicposts-v2\" data-id=\"f0b02cc\" data-element_type=\"widget\" data-settings=\"{&quot;grid_match_height&quot;:&quot;yes&quot;,&quot;style_items&quot;:&quot;default&quot;,&quot;grid_grid_type&quot;:&quot;flex&quot;}\" data-widget_type=\"dce-dynamicposts-v2.grid\">\n\t\t\t\t<div class=\"elementor-widget-container\">\n\t\t\t\t\t\n\t\t<div class=\"dce-fix-background-loop dce-posts-container dce-posts dce-dynamic-posts-collection  dce-skin-grid dce-skin-grid-flex\">\n\t\t\t\t\t\t<div class=\"dce-posts-wrapper dce-wrapper-grid\">\n\t\t\t\n\t\t<article class=\"post-1856 post type-post status-publish format-standard has-post-thumbnail hentry category-uncategorized-sl dce-post dce-post-item dce-item-grid\" data-dce-post-id=\"1856\" data-dce-post-index=\"0\">\n\t\t\t<div class=\"dce-post-block\">\n\t\t<div class=\"dce-item dce-item_image elementor-repeater-item-c6b8d1a\"><a class=\"dce-post-image\" href=\"https:\/\/farmelder.eu\/sl\/poletne-novice-farmelder\"><figure data-image-ratio=\"0.6\" class=\"dce-img\"><img fetchpriority=\"high\" decoding=\"async\" width=\"489\" height=\"335\" src=\"https:\/\/farmelder.eu\/wp-content\/uploads\/2024\/07\/Screenshot-2024-07-04-074114.png\" class=\"\" alt=\"Poletne novice FarmElder\" srcset=\"https:\/\/farmelder.eu\/wp-content\/uploads\/2024\/07\/Screenshot-2024-07-04-074114.png 489w, https:\/\/farmelder.eu\/wp-content\/uploads\/2024\/07\/Screenshot-2024-07-04-074114-300x206.png 300w\" sizes=\"(max-width: 489px) 100vw, 489px\" \/><\/figure><\/a><\/div><div class=\"dce-item dce-item_title elementor-repeater-item-e08f64c\"><h3 class=\"dce-post-title\"><a href=\"https:\/\/farmelder.eu\/sl\/poletne-novice-farmelder\">Poletne novice FarmElder<\/a><\/h3><\/div><div class=\"dce-item dce-item_readmore elementor-repeater-item-1089530\">\t\t<div class=\"dce-post-button\">\n\t\t\t<a href=\"https:\/\/farmelder.eu\/sl\/poletne-novice-farmelder\" class=\"elementor-button-link elementor-button dce-button elementor-size-sm\" role=\"button\" >\n\t\t\tPreberite ve\u010d &gt;\t\t\t<\/a>\n\t\t<\/div>\n\t\t<\/div>\t\t\t<\/div>\n\t\t<\/article>\n\t\t\n\t\t<article class=\"post-1598 post type-post status-publish format-standard has-post-thumbnail hentry category-uncategorized-sl dce-post dce-post-item dce-item-grid\" data-dce-post-id=\"1598\" data-dce-post-index=\"1\">\n\t\t\t<div class=\"dce-post-block\">\n\t\t<div class=\"dce-item dce-item_image elementor-repeater-item-c6b8d1a\"><a class=\"dce-post-image\" href=\"https:\/\/farmelder.eu\/sl\/spomladanski-novice-farmelder\"><figure data-image-ratio=\"0.6\" class=\"dce-img\"><img decoding=\"async\" width=\"800\" height=\"552\" src=\"https:\/\/farmelder.eu\/wp-content\/uploads\/2024\/05\/Spring-Newsletter.png\" class=\"\" alt=\"Spomladanski novice FarmElder\" srcset=\"https:\/\/farmelder.eu\/wp-content\/uploads\/2024\/05\/Spring-Newsletter.png 859w, https:\/\/farmelder.eu\/wp-content\/uploads\/2024\/05\/Spring-Newsletter-300x207.png 300w, https:\/\/farmelder.eu\/wp-content\/uploads\/2024\/05\/Spring-Newsletter-768x530.png 768w\" sizes=\"(max-width: 800px) 100vw, 800px\" \/><\/figure><\/a><\/div><div class=\"dce-item dce-item_title elementor-repeater-item-e08f64c\"><h3 class=\"dce-post-title\"><a href=\"https:\/\/farmelder.eu\/sl\/spomladanski-novice-farmelder\">Spomladanski novice FarmElder<\/a><\/h3><\/div><div class=\"dce-item dce-item_readmore elementor-repeater-item-1089530\">\t\t<div class=\"dce-post-button\">\n\t\t\t<a href=\"https:\/\/farmelder.eu\/sl\/spomladanski-novice-farmelder\" class=\"elementor-button-link elementor-button dce-button elementor-size-sm\" role=\"button\" >\n\t\t\tPreberite ve\u010d &gt;\t\t\t<\/a>\n\t\t<\/div>\n\t\t<\/div>\t\t\t<\/div>\n\t\t<\/article>\n\t\t\n\t\t<article class=\"post-1549 post type-post status-publish format-standard has-post-thumbnail hentry category-uncategorized-sl dce-post dce-post-item dce-item-grid\" data-dce-post-id=\"1549\" data-dce-post-index=\"2\">\n\t\t\t<div class=\"dce-post-block\">\n\t\t<div class=\"dce-item dce-item_image elementor-repeater-item-c6b8d1a\"><a class=\"dce-post-image\" href=\"https:\/\/farmelder.eu\/sl\/zimske-novice-farmelder\"><figure data-image-ratio=\"0.6\" class=\"dce-img\"><img decoding=\"async\" width=\"800\" height=\"349\" src=\"https:\/\/farmelder.eu\/wp-content\/uploads\/2024\/04\/FarmElder-Winter-Newsletter-top-e1714476773605.png\" class=\"\" alt=\"Zimske novice FarmElder\" \/><\/figure><\/a><\/div><div class=\"dce-item dce-item_title elementor-repeater-item-e08f64c\"><h3 class=\"dce-post-title\"><a href=\"https:\/\/farmelder.eu\/sl\/zimske-novice-farmelder\">Zimske novice FarmElder<\/a><\/h3><\/div><div class=\"dce-item dce-item_readmore elementor-repeater-item-1089530\">\t\t<div class=\"dce-post-button\">\n\t\t\t<a href=\"https:\/\/farmelder.eu\/sl\/zimske-novice-farmelder\" class=\"elementor-button-link elementor-button dce-button elementor-size-sm\" role=\"button\" >\n\t\t\tPreberite ve\u010d &gt;\t\t\t<\/a>\n\t\t<\/div>\n\t\t<\/div>\t\t\t<\/div>\n\t\t<\/article>\n\t\t\n\t\t<article class=\"post-1489 post type-post status-publish format-standard has-post-thumbnail hentry category-uncategorized-sl dce-post dce-post-item dce-item-grid\" data-dce-post-id=\"1489\" data-dce-post-index=\"3\">\n\t\t\t<div class=\"dce-post-block\">\n\t\t<div class=\"dce-item dce-item_image elementor-repeater-item-c6b8d1a\"><a class=\"dce-post-image\" href=\"https:\/\/farmelder.eu\/sl\/farmelder-jesenske-novice\"><figure data-image-ratio=\"0.6\" class=\"dce-img\"><img loading=\"lazy\" decoding=\"async\" width=\"772\" height=\"549\" src=\"https:\/\/farmelder.eu\/wp-content\/uploads\/2024\/02\/Farmelder2ndNewsletter.png\" class=\"\" alt=\"FarmElder Jesenske novice\" srcset=\"https:\/\/farmelder.eu\/wp-content\/uploads\/2024\/02\/Farmelder2ndNewsletter.png 772w, https:\/\/farmelder.eu\/wp-content\/uploads\/2024\/02\/Farmelder2ndNewsletter-300x213.png 300w, https:\/\/farmelder.eu\/wp-content\/uploads\/2024\/02\/Farmelder2ndNewsletter-768x546.png 768w\" sizes=\"(max-width: 772px) 100vw, 772px\" \/><\/figure><\/a><\/div><div class=\"dce-item dce-item_title elementor-repeater-item-e08f64c\"><h3 class=\"dce-post-title\"><a href=\"https:\/\/farmelder.eu\/sl\/farmelder-jesenske-novice\">FarmElder Jesenske novice<\/a><\/h3><\/div><div class=\"dce-item dce-item_readmore elementor-repeater-item-1089530\">\t\t<div class=\"dce-post-button\">\n\t\t\t<a href=\"https:\/\/farmelder.eu\/sl\/farmelder-jesenske-novice\" class=\"elementor-button-link elementor-button dce-button elementor-size-sm\" role=\"button\" >\n\t\t\tPreberite ve\u010d &gt;\t\t\t<\/a>\n\t\t<\/div>\n\t\t<\/div>\t\t\t<\/div>\n\t\t<\/article>\n\t\t\n\t\t<article class=\"post-1213 post type-post status-publish format-standard has-post-thumbnail hentry category-uncategorized-sl dce-post dce-post-item dce-item-grid\" data-dce-post-id=\"1213\" data-dce-post-index=\"4\">\n\t\t\t<div class=\"dce-post-block\">\n\t\t<div class=\"dce-item dce-item_image elementor-repeater-item-c6b8d1a\"><a class=\"dce-post-image\" href=\"https:\/\/farmelder.eu\/sl\/farmelder-1st-newsletter\"><figure data-image-ratio=\"0.6\" class=\"dce-img\"><img loading=\"lazy\" decoding=\"async\" width=\"800\" height=\"450\" src=\"https:\/\/farmelder.eu\/wp-content\/uploads\/2023\/03\/newsletter-1-1024x576.jpg\" class=\"\" alt=\"FarmElder 1st Newsletter\" srcset=\"https:\/\/farmelder.eu\/wp-content\/uploads\/2023\/03\/newsletter-1-1024x576.jpg 1024w, https:\/\/farmelder.eu\/wp-content\/uploads\/2023\/03\/newsletter-1-300x169.jpg 300w, https:\/\/farmelder.eu\/wp-content\/uploads\/2023\/03\/newsletter-1-768x432.jpg 768w, https:\/\/farmelder.eu\/wp-content\/uploads\/2023\/03\/newsletter-1-1536x864.jpg 1536w, https:\/\/farmelder.eu\/wp-content\/uploads\/2023\/03\/newsletter-1.jpg 1788w\" sizes=\"(max-width: 800px) 100vw, 800px\" \/><\/figure><\/a><\/div><div class=\"dce-item dce-item_title elementor-repeater-item-e08f64c\"><h3 class=\"dce-post-title\"><a href=\"https:\/\/farmelder.eu\/sl\/farmelder-1st-newsletter\">FarmElder 1st Newsletter<\/a><\/h3><\/div><div class=\"dce-item dce-item_readmore elementor-repeater-item-1089530\">\t\t<div class=\"dce-post-button\">\n\t\t\t<a href=\"https:\/\/farmelder.eu\/sl\/farmelder-1st-newsletter\" class=\"elementor-button-link elementor-button dce-button elementor-size-sm\" role=\"button\" >\n\t\t\tPreberite ve\u010d &gt;\t\t\t<\/a>\n\t\t<\/div>\n\t\t<\/div>\t\t\t<\/div>\n\t\t<\/article>\n\t\t\t\t\t<\/div>\n\t\t\t\t\t<\/div>\n\t\t\t\t\t\t<\/div>\n\t\t\t\t<\/div>\n\t\t\t\t\t<\/div>\n\t\t<\/div>\n\t\t\t\t\t<\/div>\n\t\t<\/section>\n\t\t\t\t<\/div>\n\t\t","protected":false},"excerpt":{"rendered":"<p>FarmElder Spring Newsletter Preberite ve\u010d &gt; FarmElder Winter Newsletter Preberite ve\u010d &gt; FarmElder Autumn Newsletter Preberite ve\u010d &gt; FarmElder 1st Newsletter Preberite ve\u010d &gt;<\/p>\n","protected":false},"author":1,"featured_media":0,"parent":0,"menu_order":0,"comment_status":"closed","ping_status":"closed","template":"elementor_header_footer","meta":{"_acf_changed":false,"footnotes":""},"class_list":["post-1232","page","type-page","status-publish","hentry"],"acf":[],"yoast_head":"<!-- This site is optimized with the Yoast SEO plugin v24.5 - https:\/\/yoast.com\/wordpress\/plugins\/seo\/ -->\n<title>Newsletters - FarmElder<\/title>\n<meta name=\"robots\" content=\"index, follow, max-snippet:-1, max-image-preview:large, max-video-preview:-1\" \/>\n<link rel=\"canonical\" href=\"https:\/\/farmelder.eu\/sl\/newsletters\" \/>\n<meta property=\"og:locale\" content=\"sl_SI\" \/>\n<meta property=\"og:type\" content=\"article\" \/>\n<meta property=\"og:title\" content=\"Newsletters - FarmElder\" \/>\n<meta property=\"og:description\" content=\"FarmElder Spring Newsletter Preberite ve\u010d &gt; FarmElder Winter Newsletter Preberite ve\u010d &gt; FarmElder Autumn Newsletter Preberite ve\u010d &gt; FarmElder 1st Newsletter Preberite ve\u010d &gt;\" \/>\n<meta property=\"og:url\" content=\"https:\/\/farmelder.eu\/sl\/newsletters\" \/>\n<meta property=\"og:site_name\" content=\"FarmElder\" \/>\n<meta property=\"article:modified_time\" content=\"2024-07-03T08:52:30+00:00\" \/>\n<meta property=\"og:image\" content=\"https:\/\/farmelder.eu\/wp-content\/uploads\/2024\/05\/Spring-Newsletter.png\" \/>\n<meta name=\"twitter:card\" content=\"summary_large_image\" \/>\n<script type=\"application\/ld+json\" class=\"yoast-schema-graph\">{\"@context\":\"https:\/\/schema.org\",\"@graph\":[{\"@type\":\"WebPage\",\"@id\":\"https:\/\/farmelder.eu\/sl\/newsletters\",\"url\":\"https:\/\/farmelder.eu\/sl\/newsletters\",\"name\":\"Newsletters - FarmElder\",\"isPartOf\":{\"@id\":\"https:\/\/farmelder.eu\/#website\"},\"primaryImageOfPage\":{\"@id\":\"https:\/\/farmelder.eu\/sl\/newsletters#primaryimage\"},\"image\":{\"@id\":\"https:\/\/farmelder.eu\/sl\/newsletters#primaryimage\"},\"thumbnailUrl\":\"https:\/\/farmelder.eu\/wp-content\/uploads\/2024\/05\/Spring-Newsletter.png\",\"datePublished\":\"2023-03-14T16:56:30+00:00\",\"dateModified\":\"2024-07-03T08:52:30+00:00\",\"breadcrumb\":{\"@id\":\"https:\/\/farmelder.eu\/sl\/newsletters#breadcrumb\"},\"inLanguage\":\"sl-SI\",\"potentialAction\":[{\"@type\":\"ReadAction\",\"target\":[\"https:\/\/farmelder.eu\/sl\/newsletters\"]}]},{\"@type\":\"ImageObject\",\"inLanguage\":\"sl-SI\",\"@id\":\"https:\/\/farmelder.eu\/sl\/newsletters#primaryimage\",\"url\":\"https:\/\/farmelder.eu\/wp-content\/uploads\/2024\/05\/Spring-Newsletter.png\",\"contentUrl\":\"https:\/\/farmelder.eu\/wp-content\/uploads\/2024\/05\/Spring-Newsletter.png\"},{\"@type\":\"BreadcrumbList\",\"@id\":\"https:\/\/farmelder.eu\/sl\/newsletters#breadcrumb\",\"itemListElement\":[{\"@type\":\"ListItem\",\"position\":1,\"name\":\"Home\",\"item\":\"https:\/\/farmelder.eu\/sl\/domov\"},{\"@type\":\"ListItem\",\"position\":2,\"name\":\"Newsletters\"}]},{\"@type\":\"WebSite\",\"@id\":\"https:\/\/farmelder.eu\/#website\",\"url\":\"https:\/\/farmelder.eu\/\",\"name\":\"FarmElder\",\"description\":\"Social Farming for the Elderly\",\"publisher\":{\"@id\":\"https:\/\/farmelder.eu\/#organization\"},\"potentialAction\":[{\"@type\":\"SearchAction\",\"target\":{\"@type\":\"EntryPoint\",\"urlTemplate\":\"https:\/\/farmelder.eu\/?s={search_term_string}\"},\"query-input\":{\"@type\":\"PropertyValueSpecification\",\"valueRequired\":true,\"valueName\":\"search_term_string\"}}],\"inLanguage\":\"sl-SI\"},{\"@type\":\"Organization\",\"@id\":\"https:\/\/farmelder.eu\/#organization\",\"name\":\"FarmElder\",\"url\":\"https:\/\/farmelder.eu\/\",\"logo\":{\"@type\":\"ImageObject\",\"inLanguage\":\"sl-SI\",\"@id\":\"https:\/\/farmelder.eu\/#\/schema\/logo\/image\/\",\"url\":\"https:\/\/farmelder.eu\/wp-content\/uploads\/2022\/07\/Logotype_FarmElder-1-e1657271245827.png\",\"contentUrl\":\"https:\/\/farmelder.eu\/wp-content\/uploads\/2022\/07\/Logotype_FarmElder-1-e1657271245827.png\",\"width\":350,\"height\":197,\"caption\":\"FarmElder\"},\"image\":{\"@id\":\"https:\/\/farmelder.eu\/#\/schema\/logo\/image\/\"}}]}<\/script>\n<!-- \/ Yoast SEO plugin. -->","yoast_head_json":{"title":"Newsletters - FarmElder","robots":{"index":"index","follow":"follow","max-snippet":"max-snippet:-1","max-image-preview":"max-image-preview:large","max-video-preview":"max-video-preview:-1"},"canonical":"https:\/\/farmelder.eu\/sl\/newsletters","og_locale":"sl_SI","og_type":"article","og_title":"Newsletters - FarmElder","og_description":"FarmElder Spring Newsletter Preberite ve\u010d &gt; FarmElder Winter Newsletter Preberite ve\u010d &gt; FarmElder Autumn Newsletter Preberite ve\u010d &gt; FarmElder 1st Newsletter Preberite ve\u010d &gt;","og_url":"https:\/\/farmelder.eu\/sl\/newsletters","og_site_name":"FarmElder","article_modified_time":"2024-07-03T08:52:30+00:00","og_image":[{"url":"https:\/\/farmelder.eu\/wp-content\/uploads\/2024\/05\/Spring-Newsletter.png","type":"","width":"","height":""}],"twitter_card":"summary_large_image","schema":{"@context":"https:\/\/schema.org","@graph":[{"@type":"WebPage","@id":"https:\/\/farmelder.eu\/sl\/newsletters","url":"https:\/\/farmelder.eu\/sl\/newsletters","name":"Newsletters - FarmElder","isPartOf":{"@id":"https:\/\/farmelder.eu\/#website"},"primaryImageOfPage":{"@id":"https:\/\/farmelder.eu\/sl\/newsletters#primaryimage"},"image":{"@id":"https:\/\/farmelder.eu\/sl\/newsletters#primaryimage"},"thumbnailUrl":"https:\/\/farmelder.eu\/wp-content\/uploads\/2024\/05\/Spring-Newsletter.png","datePublished":"2023-03-14T16:56:30+00:00","dateModified":"2024-07-03T08:52:30+00:00","breadcrumb":{"@id":"https:\/\/farmelder.eu\/sl\/newsletters#breadcrumb"},"inLanguage":"sl-SI","potentialAction":[{"@type":"ReadAction","target":["https:\/\/farmelder.eu\/sl\/newsletters"]}]},{"@type":"ImageObject","inLanguage":"sl-SI","@id":"https:\/\/farmelder.eu\/sl\/newsletters#primaryimage","url":"https:\/\/farmelder.eu\/wp-content\/uploads\/2024\/05\/Spring-Newsletter.png","contentUrl":"https:\/\/farmelder.eu\/wp-content\/uploads\/2024\/05\/Spring-Newsletter.png"},{"@type":"BreadcrumbList","@id":"https:\/\/farmelder.eu\/sl\/newsletters#breadcrumb","itemListElement":[{"@type":"ListItem","position":1,"name":"Home","item":"https:\/\/farmelder.eu\/sl\/domov"},{"@type":"ListItem","position":2,"name":"Newsletters"}]},{"@type":"WebSite","@id":"https:\/\/farmelder.eu\/#website","url":"https:\/\/farmelder.eu\/","name":"FarmElder","description":"Social Farming for the Elderly","publisher":{"@id":"https:\/\/farmelder.eu\/#organization"},"potentialAction":[{"@type":"SearchAction","target":{"@type":"EntryPoint","urlTemplate":"https:\/\/farmelder.eu\/?s={search_term_string}"},"query-input":{"@type":"PropertyValueSpecification","valueRequired":true,"valueName":"search_term_string"}}],"inLanguage":"sl-SI"},{"@type":"Organization","@id":"https:\/\/farmelder.eu\/#organization","name":"FarmElder","url":"https:\/\/farmelder.eu\/","logo":{"@type":"ImageObject","inLanguage":"sl-SI","@id":"https:\/\/farmelder.eu\/#\/schema\/logo\/image\/","url":"https:\/\/farmelder.eu\/wp-content\/uploads\/2022\/07\/Logotype_FarmElder-1-e1657271245827.png","contentUrl":"https:\/\/farmelder.eu\/wp-content\/uploads\/2022\/07\/Logotype_FarmElder-1-e1657271245827.png","width":350,"height":197,"caption":"FarmElder"},"image":{"@id":"https:\/\/farmelder.eu\/#\/schema\/logo\/image\/"}}]}},"_links":{"self":[{"href":"https:\/\/farmelder.eu\/sl\/wp-json\/wp\/v2\/pages\/1232","targetHints":{"allow":["GET"]}}],"collection":[{"href":"https:\/\/farmelder.eu\/sl\/wp-json\/wp\/v2\/pages"}],"about":[{"href":"https:\/\/farmelder.eu\/sl\/wp-json\/wp\/v2\/types\/page"}],"author":[{"embeddable":true,"href":"https:\/\/farmelder.eu\/sl\/wp-json\/wp\/v2\/users\/1"}],"replies":[{"embeddable":true,"href":"https:\/\/farmelder.eu\/sl\/wp-json\/wp\/v2\/comments?post=1232"}],"version-history":[{"count":4,"href":"https:\/\/farmelder.eu\/sl\/wp-json\/wp\/v2\/pages\/1232\/revisions"}],"predecessor-version":[{"id":1726,"href":"https:\/\/farmelder.eu\/sl\/wp-json\/wp\/v2\/pages\/1232\/revisions\/1726"}],"wp:attachment":[{"href":"https:\/\/farmelder.eu\/sl\/wp-json\/wp\/v2\/media?parent=1232"}],"curies":[{"name":"wp","href":"https:\/\/api.w.org\/{rel}","templated":true}]}}