{"id":1662,"date":"2024-06-18T06:48:00","date_gmt":"2024-06-18T06:48:00","guid":{"rendered":"https:\/\/farmelder.eu\/materiais-de-formacao"},"modified":"2024-07-03T08:47:22","modified_gmt":"2024-07-03T08:47:22","slug":"materiais-de-formacao","status":"publish","type":"page","link":"https:\/\/farmelder.eu\/pt-pt\/materiais-de-formacao","title":{"rendered":"Materiais de forma\u00e7\u00e3o"},"content":{"rendered":"\t\t<div data-elementor-type=\"wp-page\" data-elementor-id=\"1662\" class=\"elementor elementor-1662 elementor-1609\" data-elementor-post-type=\"page\">\n\t\t\t\t<div data-dce-background-color=\"#027940\" data-dce-background-overlay-color=\"#000000\" data-dce-background-image-url=\"https:\/\/farmelder.eu\/wp-content\/uploads\/2023\/03\/Biohof-Steinbock2-Germany-\u00a9-Biohof-Steinbock.jpg\" class=\"elementor-element elementor-element-ecad4bf e-flex e-con-boxed e-con e-parent\" data-id=\"ecad4bf\" data-element_type=\"container\" data-settings=\"{&quot;background_background&quot;:&quot;classic&quot;,&quot;background_motion_fx_motion_fx_scrolling&quot;:&quot;yes&quot;,&quot;background_motion_fx_devices&quot;:[&quot;desktop&quot;,&quot;tablet&quot;,&quot;mobile&quot;]}\">\n\t\t\t\t\t<div class=\"e-con-inner\">\n\t\t\t\t\t<\/div>\n\t\t\t\t<\/div>\n\t\t<div class=\"elementor-element elementor-element-0c2a599 e-flex e-con-boxed e-con e-parent\" data-id=\"0c2a599\" data-element_type=\"container\">\n\t\t\t\t\t<div class=\"e-con-inner\">\n\t\t\t\t<div class=\"elementor-element elementor-element-61ee1ab elementor-widget elementor-widget-heading\" data-id=\"61ee1ab\" data-element_type=\"widget\" data-widget_type=\"heading.default\">\n\t\t\t\t<div class=\"elementor-widget-container\">\n\t\t\t\t\t<h2 class=\"elementor-heading-title elementor-size-default\">Introdu\u00e7\u00e3o aos M\u00f3dulos da Forma\u00e7\u00e3o<\/h2>\t\t\t\t<\/div>\n\t\t\t\t<\/div>\n\t\t\t\t<div class=\"elementor-element elementor-element-ff5728a elementor-widget elementor-widget-text-editor\" data-id=\"ff5728a\" data-element_type=\"widget\" data-widget_type=\"text-editor.default\">\n\t\t\t\t<div class=\"elementor-widget-container\">\n\t\t\t\t\t\t\t\t\t<p>Bem-vindo \u00e0 sec\u00e7\u00e3o dos m\u00f3dulos de forma\u00e7\u00e3o do projeto FarmElder.<\/p>\n<p>Antes de come\u00e7ar a ler e a trabalhar nos cursos, gostar\u00edamos de lhe dar uma vis\u00e3o geral dos m\u00f3dulos de forma\u00e7\u00e3o desenvolvidos e dar-lhe uma breve introdu\u00e7\u00e3o \u00e0 sua aplica\u00e7\u00e3o. Por favor, leia esta introdu\u00e7\u00e3o cuidadosamente para adquirir o maior n\u00famero poss\u00edvel de compet\u00eancias e conhecimentos com este curso. <\/p>\n\t\t\t\t\t\t\t\t<\/div>\n\t\t\t\t<\/div>\n\t\t\t\t<div class=\"elementor-element elementor-element-8994765 elementor-align-center elementor-widget elementor-widget-button\" data-id=\"8994765\" data-element_type=\"widget\" data-widget_type=\"button.default\">\n\t\t\t\t<div class=\"elementor-widget-container\">\n\t\t\t\t\t\t\t\t\t<div class=\"elementor-button-wrapper\">\n\t\t\t\t\t<a class=\"elementor-button elementor-button-link elementor-size-sm\" href=\"#modules\">\n\t\t\t\t\t\t<span class=\"elementor-button-content-wrapper\">\n\t\t\t\t\t\t\t\t\t<span class=\"elementor-button-text\">Consultar os m\u00f3dulos<\/span>\n\t\t\t\t\t<\/span>\n\t\t\t\t\t<\/a>\n\t\t\t\t<\/div>\n\t\t\t\t\t\t\t\t<\/div>\n\t\t\t\t<\/div>\n\t\t\t\t<div class=\"elementor-element elementor-element-4aa1308 elementor-widget elementor-widget-heading\" data-id=\"4aa1308\" data-element_type=\"widget\" data-widget_type=\"heading.default\">\n\t\t\t\t<div class=\"elementor-widget-container\">\n\t\t\t\t\t<h3 class=\"elementor-heading-title elementor-size-default\">1. Compet\u00eancias, conhecimentos e atitudes necess\u00e1rios na \u00e1rea da agricultura social para e com pessoas idosas<\/h3>\t\t\t\t<\/div>\n\t\t\t\t<\/div>\n\t\t\t\t<div class=\"elementor-element elementor-element-ed90f54 elementor-widget elementor-widget-text-editor\" data-id=\"ed90f54\" data-element_type=\"widget\" data-widget_type=\"text-editor.default\">\n\t\t\t\t<div class=\"elementor-widget-container\">\n\t\t\t\t\t\t\t\t\t<p>Antes de come\u00e7armos a trabalhar nos m\u00f3dulos de forma\u00e7\u00e3o, realiz\u00e1mos uma pesquisa para identificar os principais problemas e desafios da agricultura social com pessoas idosas. Analis\u00e1mos material e estudos existentes, fal\u00e1mos com profissionais e vimos exemplos do terreno. <\/p>\n<p>A realiza\u00e7\u00e3o de uma investiga\u00e7\u00e3o exaustiva permitiu-nos identificar as \u00e1reas em que h\u00e1 necessidade de mais oportunidades de forma\u00e7\u00e3o. Os resultados da investiga\u00e7\u00e3o e os estudos de caso est\u00e3o agora dispon\u00edveis como publica\u00e7\u00f5es na p\u00e1gina Web do FarmElder (www.farmelder.eu) e s\u00e3o leitura recomendada durante o curso. <\/p>\n\t\t\t\t\t\t\t\t<\/div>\n\t\t\t\t<\/div>\n\t\t\t\t<div class=\"elementor-element elementor-element-072ef9c elementor-widget elementor-widget-heading\" data-id=\"072ef9c\" data-element_type=\"widget\" data-widget_type=\"heading.default\">\n\t\t\t\t<div class=\"elementor-widget-container\">\n\t\t\t\t\t<h3 class=\"elementor-heading-title elementor-size-default\">2. Tempo aproximado necess\u00e1rio para completar todos os m\u00f3dulos<\/h3>\t\t\t\t<\/div>\n\t\t\t\t<\/div>\n\t\t\t\t<div class=\"elementor-element elementor-element-01b6c19 elementor-widget elementor-widget-text-editor\" data-id=\"01b6c19\" data-element_type=\"widget\" data-widget_type=\"text-editor.default\">\n\t\t\t\t<div class=\"elementor-widget-container\">\n\t\t\t\t\t\t\t\t\t<p>Os m\u00f3dulos de forma\u00e7\u00e3o fornecem informa\u00e7\u00f5es espec\u00edficas sobre a agricultura social para idosos e d\u00e3o uma vis\u00e3o pr\u00e1tica, bem como hist\u00f3rias inspiradoras, especialmente para aqueles que est\u00e3o a pensar em envolver-se mais e prestar servi\u00e7os sociais na sua pr\u00f3pria explora\u00e7\u00e3o agr\u00edcola.<\/p>\n<p>Recomendamos que estude os m\u00f3dulos em profundidade e n\u00e3o se precipite. Demore o tempo que for preciso e, se necess\u00e1rio, repita-os v\u00e1rias vezes. <\/p>\n<p>Dependendo da sua velocidade de aprendizagem e da unidade em quest\u00e3o, deve dedicar pelo menos 45-60 minutos a cada unidade.<\/p>\n\t\t\t\t\t\t\t\t<\/div>\n\t\t\t\t<\/div>\n\t\t\t\t<div class=\"elementor-element elementor-element-36fee3e elementor-widget elementor-widget-heading\" data-id=\"36fee3e\" data-element_type=\"widget\" data-widget_type=\"heading.default\">\n\t\t\t\t<div class=\"elementor-widget-container\">\n\t\t\t\t\t<h3 class=\"elementor-heading-title elementor-size-default\">3. Princ\u00edpios de auto-aprendizagem - como utilizar os m\u00f3dulos de forma\u00e7\u00e3o<\/h3>\t\t\t\t<\/div>\n\t\t\t\t<\/div>\n\t\t\t\t<div class=\"elementor-element elementor-element-6ba7d4e elementor-widget elementor-widget-text-editor\" data-id=\"6ba7d4e\" data-element_type=\"widget\" data-widget_type=\"text-editor.default\">\n\t\t\t\t<div class=\"elementor-widget-container\">\n\t\t\t\t\t\t\t\t\t<p>Concebemos os m\u00f3dulos de forma\u00e7\u00e3o de modo a poderem ser utilizados em toda a Europa e a serem igualmente \u00fateis para um vasto leque de leitores.<\/p>\n<p>Como utilizar os m\u00f3dulos de forma\u00e7\u00e3o:<\/p>\n<ul>\n<li>Pode percorrer todos os m\u00f3dulos muito rapidamente para ter uma vis\u00e3o geral do conte\u00fado e, numa segunda fase, concentrar-se mais intensamente nos temas que lhe interessam pessoalmente.<\/li>\n<li>Percorra todos os m\u00f3dulos passo a passo, uma vez que todo o conte\u00fado da an\u00e1lise das necessidades no in\u00edcio do projeto foi condensado e, assim, \u00e9 transmitida uma vasta gama de conhecimentos importantes. Nem tudo ser\u00e1 relevante na sua situa\u00e7\u00e3o atual &#8211; mas talvez o seja no futuro. <\/li>\n<li>Percorra os m\u00f3dulos sozinho ou em grupo e troque as suas conclus\u00f5es ou a sua opini\u00e3o sobre o que \u00e9 fornecido.<\/li>\n<\/ul>\n\t\t\t\t\t\t\t\t<\/div>\n\t\t\t\t<\/div>\n\t\t\t\t<div class=\"elementor-element elementor-element-24b25c2 elementor-widget elementor-widget-menu-anchor\" data-id=\"24b25c2\" data-element_type=\"widget\" data-widget_type=\"menu-anchor.default\">\n\t\t\t\t<div class=\"elementor-widget-container\">\n\t\t\t\t\t\t\t<div class=\"elementor-menu-anchor\" id=\"modules\"><\/div>\n\t\t\t\t\t\t<\/div>\n\t\t\t\t<\/div>\n\t\t<div class=\"elementor-element elementor-element-07673b8 e-con-full e-flex e-con e-child\" data-id=\"07673b8\" data-element_type=\"container\">\n\t\t<div class=\"elementor-element elementor-element-c6c8842 e-con-full e-flex e-con e-child\" data-id=\"c6c8842\" data-element_type=\"container\" data-settings=\"{&quot;background_background&quot;:&quot;classic&quot;}\">\n\t\t\t\t<div class=\"elementor-element elementor-element-ca83d09 elementor-widget elementor-widget-heading\" data-id=\"ca83d09\" data-element_type=\"widget\" data-widget_type=\"heading.default\">\n\t\t\t\t<div class=\"elementor-widget-container\">\n\t\t\t\t\t<h3 class=\"elementor-heading-title elementor-size-default\">M\u00f3dulo 1 - O contexto da agricultura social para os idosos\n<\/h3>\t\t\t\t<\/div>\n\t\t\t\t<\/div>\n\t\t<a class=\"elementor-element elementor-element-bbb721b e-con-full e-flex e-con e-child\" data-id=\"bbb721b\" data-element_type=\"container\" href=\"https:\/\/farmelder.eu\/pt-pt\/farmelder_module1_unit1_en\" target=\"_blank\">\n\t\t\t\t<div class=\"elementor-element elementor-element-35190e0 elementor-widget__width-initial elementor-widget elementor-widget-heading\" data-id=\"35190e0\" data-element_type=\"widget\" data-widget_type=\"heading.default\">\n\t\t\t\t<div class=\"elementor-widget-container\">\n\t\t\t\t\t<span class=\"elementor-heading-title elementor-size-default\">Unidade 1.1<\/span>\t\t\t\t<\/div>\n\t\t\t\t<\/div>\n\t\t\t\t<div class=\"elementor-element elementor-element-f19ad66 elementor-widget elementor-widget-text-editor\" data-id=\"f19ad66\" data-element_type=\"widget\" data-widget_type=\"text-editor.default\">\n\t\t\t\t<div class=\"elementor-widget-container\">\n\t\t\t\t\t\t\t\t\t<p><strong>As pessoas idosas na Europa <\/strong><\/p>\n<p>Nesta unidade, aprender\u00e1 acerca das altera\u00e7\u00f5es demogr\u00e1ficas na Europa e a forma como estas afetar\u00e3o os idosos nos pr\u00f3ximos anos. Para al\u00e9m de apresentar alguns exemplos dos desafios, tamb\u00e9m lhe dar\u00e1 uma vis\u00e3o de como estas quest\u00f5es podem ser abordadas. <\/p>\n\t\t\t\t\t\t\t\t<\/div>\n\t\t\t\t<\/div>\n\t\t\t\t<\/a>\n\t\t<a class=\"elementor-element elementor-element-1584db9 e-con-full e-flex e-con e-child\" data-id=\"1584db9\" data-element_type=\"container\" href=\"https:\/\/farmelder.eu\/pt-pt\/farmelder_module1_unit2_en\" target=\"_blank\">\n\t\t\t\t<div class=\"elementor-element elementor-element-e755d46 elementor-widget__width-initial elementor-widget elementor-widget-heading\" data-id=\"e755d46\" data-element_type=\"widget\" data-widget_type=\"heading.default\">\n\t\t\t\t<div class=\"elementor-widget-container\">\n\t\t\t\t\t<span class=\"elementor-heading-title elementor-size-default\">Unidade 1.2<\/span>\t\t\t\t<\/div>\n\t\t\t\t<\/div>\n\t\t\t\t<div class=\"elementor-element elementor-element-75fc1c1 elementor-widget elementor-widget-text-editor\" data-id=\"75fc1c1\" data-element_type=\"widget\" data-widget_type=\"text-editor.default\">\n\t\t\t\t<div class=\"elementor-widget-container\">\n\t\t\t\t\t\t\t\t\t<p><strong>Necessidades e desafios das pessoas idosas<\/strong><\/p>\n<p>Aprender\u00e1 sobre as necessidades das pessoas idosas, os desafios que enfrentam e os benef\u00edcios, riscos, amea\u00e7as e oportunidades nas zonas rurais. Ajuda a compreender o que as pessoas idosas sentem e este conhecimento ajuda a compreender as suas necessidades. <\/p>\n\t\t\t\t\t\t\t\t<\/div>\n\t\t\t\t<\/div>\n\t\t\t\t<\/a>\n\t\t\t\t<\/div>\n\t\t<div class=\"elementor-element elementor-element-65301c0 e-con-full e-flex e-con e-child\" data-id=\"65301c0\" data-element_type=\"container\" data-settings=\"{&quot;background_background&quot;:&quot;classic&quot;}\">\n\t\t\t\t<div class=\"elementor-element elementor-element-2af4959 elementor-widget elementor-widget-heading\" data-id=\"2af4959\" data-element_type=\"widget\" data-widget_type=\"heading.default\">\n\t\t\t\t<div class=\"elementor-widget-container\">\n\t\t\t\t\t<h3 class=\"elementor-heading-title elementor-size-default\">M\u00f3dulo 2 - Assegurar a agricultura social para os idosos\n<\/h3>\t\t\t\t<\/div>\n\t\t\t\t<\/div>\n\t\t<a class=\"elementor-element elementor-element-8884a18 e-con-full e-flex e-con e-child\" data-id=\"8884a18\" data-element_type=\"container\" href=\"https:\/\/farmelder.eu\/pt-pt\/farmelder_module2_unit-1_en\" target=\"_blank\">\n\t\t\t\t<div class=\"elementor-element elementor-element-6ceca99 elementor-widget__width-initial elementor-widget elementor-widget-heading\" data-id=\"6ceca99\" data-element_type=\"widget\" data-widget_type=\"heading.default\">\n\t\t\t\t<div class=\"elementor-widget-container\">\n\t\t\t\t\t<span class=\"elementor-heading-title elementor-size-default\">Unidade 2.1<\/span>\t\t\t\t<\/div>\n\t\t\t\t<\/div>\n\t\t\t\t<div class=\"elementor-element elementor-element-4359234 elementor-widget elementor-widget-text-editor\" data-id=\"4359234\" data-element_type=\"widget\" data-widget_type=\"text-editor.default\">\n\t\t\t\t<div class=\"elementor-widget-container\">\n\t\t\t\t\t\t\t\t\t<p><strong>Servi\u00e7os sociais numa quinta para diferentes tipos de pessoas idosas<\/strong><\/p>\n<p>Nesta unidade de aprendizagem, s\u00e3o apresentadas diferentes op\u00e7\u00f5es de servi\u00e7os sociais nas explora\u00e7\u00f5es agr\u00edcolas. Embora todos eles se destinem a pessoas idosas, podem variar muito na sua forma e \u00e2mbito. Cada um dos servi\u00e7os s\u00e3o ilustrados com exemplos dos estudos de caso do FarmElder.  <\/p>\n\t\t\t\t\t\t\t\t<\/div>\n\t\t\t\t<\/div>\n\t\t\t\t<\/a>\n\t\t<a class=\"elementor-element elementor-element-486deac e-con-full e-flex e-con e-child\" data-id=\"486deac\" data-element_type=\"container\" href=\"https:\/\/farmelder.eu\/pt-pt\/farmelder_module2_unit2_-en\" target=\"_blank\">\n\t\t\t\t<div class=\"elementor-element elementor-element-c4eb1d9 elementor-widget__width-initial elementor-widget elementor-widget-heading\" data-id=\"c4eb1d9\" data-element_type=\"widget\" data-widget_type=\"heading.default\">\n\t\t\t\t<div class=\"elementor-widget-container\">\n\t\t\t\t\t<span class=\"elementor-heading-title elementor-size-default\">Unidade 2.2<\/span>\t\t\t\t<\/div>\n\t\t\t\t<\/div>\n\t\t\t\t<div class=\"elementor-element elementor-element-a9997c4 elementor-widget elementor-widget-text-editor\" data-id=\"a9997c4\" data-element_type=\"widget\" data-widget_type=\"text-editor.default\">\n\t\t\t\t<div class=\"elementor-widget-container\">\n\t\t\t\t\t\t\t\t\t<p><strong>Compet\u00eancias interpessoais quando trabalhamos com pessoas idosas<\/strong><\/p>\n<p>Este m\u00f3dulo fornece uma compreens\u00e3o das compet\u00eancias interpessoais e da import\u00e2ncia da comunica\u00e7\u00e3o, da resolu\u00e7\u00e3o de conflitos e permite aos formandos refletir sobre o impacto do trabalho dos agricultores sociais com os idosos.<\/p>\n\t\t\t\t\t\t\t\t<\/div>\n\t\t\t\t<\/div>\n\t\t\t\t<\/a>\n\t\t\t\t<\/div>\n\t\t<div class=\"elementor-element elementor-element-5f24a3c e-con-full e-flex e-con e-child\" data-id=\"5f24a3c\" data-element_type=\"container\" data-settings=\"{&quot;background_background&quot;:&quot;classic&quot;}\">\n\t\t\t\t<div class=\"elementor-element elementor-element-0053f77 elementor-widget elementor-widget-heading\" data-id=\"0053f77\" data-element_type=\"widget\" data-widget_type=\"heading.default\">\n\t\t\t\t<div class=\"elementor-widget-container\">\n\t\t\t\t\t<h3 class=\"elementor-heading-title elementor-size-default\">M\u00f3dulo 3 - Promover a agricultura social para idosos<\/h3>\t\t\t\t<\/div>\n\t\t\t\t<\/div>\n\t\t<a class=\"elementor-element elementor-element-5d26520 e-con-full e-flex e-con e-child\" data-id=\"5d26520\" data-element_type=\"container\" href=\"https:\/\/farmelder.eu\/pt-pt\/farmelder_module3_unit1_en\" target=\"_blank\">\n\t\t\t\t<div class=\"elementor-element elementor-element-a76537f elementor-widget__width-initial elementor-widget elementor-widget-heading\" data-id=\"a76537f\" data-element_type=\"widget\" data-widget_type=\"heading.default\">\n\t\t\t\t<div class=\"elementor-widget-container\">\n\t\t\t\t\t<span class=\"elementor-heading-title elementor-size-default\">Unidade 3.1<\/span>\t\t\t\t<\/div>\n\t\t\t\t<\/div>\n\t\t\t\t<div class=\"elementor-element elementor-element-7346951 elementor-widget elementor-widget-text-editor\" data-id=\"7346951\" data-element_type=\"widget\" data-widget_type=\"text-editor.default\">\n\t\t\t\t<div class=\"elementor-widget-container\">\n\t\t\t\t\t\t\t\t\t<p><strong>Coopera\u00e7\u00e3o e comunica\u00e7\u00e3o no setor<\/strong><\/p>\n<p>Este m\u00f3dulo fornece compet\u00eancias b\u00e1sicas de comunica\u00e7\u00e3o e mostra como construir uma coopera\u00e7\u00e3o\/parceria bem-sucedida. Isso inclui identificar necessidades, definir a \u00e1rea de coopera\u00e7\u00e3o e aquilo que \u00e9 importante quando se procura uma parceria. <\/p>\n\t\t\t\t\t\t\t\t<\/div>\n\t\t\t\t<\/div>\n\t\t\t\t<\/a>\n\t\t<a class=\"elementor-element elementor-element-7017514 e-con-full e-flex e-con e-child\" data-id=\"7017514\" data-element_type=\"container\" href=\"https:\/\/farmelder.eu\/pt-pt\/farmelder_module3_unit2_en\" target=\"_blank\">\n\t\t\t\t<div class=\"elementor-element elementor-element-14e1402 elementor-widget__width-initial elementor-widget elementor-widget-heading\" data-id=\"14e1402\" data-element_type=\"widget\" data-widget_type=\"heading.default\">\n\t\t\t\t<div class=\"elementor-widget-container\">\n\t\t\t\t\t<span class=\"elementor-heading-title elementor-size-default\">Unidade 3.2<\/span>\t\t\t\t<\/div>\n\t\t\t\t<\/div>\n\t\t\t\t<div class=\"elementor-element elementor-element-ffe5113 elementor-widget elementor-widget-text-editor\" data-id=\"ffe5113\" data-element_type=\"widget\" data-widget_type=\"text-editor.default\">\n\t\t\t\t<div class=\"elementor-widget-container\">\n\t\t\t\t\t\t\t\t\t<p><strong>Contar a hist\u00f3ria da agricultura social para os idosos<\/strong><\/p>\n<p>Esta unidade fornece os conhecimentos b\u00e1sicos sobre como comunicar as atividades da sua quinta. Mostra como criar e apresentar com sucesso a hist\u00f3ria da sua explora\u00e7\u00e3o agr\u00edcola. <\/p>\n\t\t\t\t\t\t\t\t<\/div>\n\t\t\t\t<\/div>\n\t\t\t\t<\/a>\n\t\t\t\t<\/div>\n\t\t\t\t<\/div>\n\t\t\t\t\t<\/div>\n\t\t\t\t<\/div>\n\t\t<!-- dce invisible element 617bbb5 -->\t\t<\/div>\n\t\t","protected":false},"excerpt":{"rendered":"<p>Introdu\u00e7\u00e3o aos M\u00f3dulos da Forma\u00e7\u00e3o Bem-vindo \u00e0 sec\u00e7\u00e3o dos m\u00f3dulos de forma\u00e7\u00e3o do projeto FarmElder. Antes de come\u00e7ar a ler e a trabalhar nos cursos, gostar\u00edamos de lhe dar uma vis\u00e3o geral dos m\u00f3dulos de forma\u00e7\u00e3o desenvolvidos e dar-lhe uma breve introdu\u00e7\u00e3o \u00e0 sua aplica\u00e7\u00e3o. Por favor, leia esta introdu\u00e7\u00e3o cuidadosamente para adquirir o maior [&hellip;]<\/p>\n","protected":false},"author":1,"featured_media":0,"parent":0,"menu_order":0,"comment_status":"closed","ping_status":"closed","template":"elementor_header_footer","meta":{"_acf_changed":false,"footnotes":""},"class_list":["post-1662","page","type-page","status-publish","hentry"],"acf":[],"yoast_head":"<!-- This site is optimized with the Yoast SEO plugin v24.5 - https:\/\/yoast.com\/wordpress\/plugins\/seo\/ -->\n<title>Materiais de forma\u00e7\u00e3o - FarmElder<\/title>\n<meta name=\"robots\" content=\"index, follow, max-snippet:-1, max-image-preview:large, max-video-preview:-1\" \/>\n<link rel=\"canonical\" href=\"https:\/\/farmelder.eu\/pt-pt\/materiais-de-formacao\" \/>\n<meta property=\"og:locale\" content=\"pt_PT\" \/>\n<meta property=\"og:type\" content=\"article\" \/>\n<meta property=\"og:title\" content=\"Materiais de forma\u00e7\u00e3o - FarmElder\" \/>\n<meta property=\"og:description\" content=\"Introdu\u00e7\u00e3o aos M\u00f3dulos da Forma\u00e7\u00e3o Bem-vindo \u00e0 sec\u00e7\u00e3o dos m\u00f3dulos de forma\u00e7\u00e3o do projeto FarmElder. Antes de come\u00e7ar a ler e a trabalhar nos cursos, gostar\u00edamos de lhe dar uma vis\u00e3o geral dos m\u00f3dulos de forma\u00e7\u00e3o desenvolvidos e dar-lhe uma breve introdu\u00e7\u00e3o \u00e0 sua aplica\u00e7\u00e3o. Por favor, leia esta introdu\u00e7\u00e3o cuidadosamente para adquirir o maior [&hellip;]\" \/>\n<meta property=\"og:url\" content=\"https:\/\/farmelder.eu\/pt-pt\/materiais-de-formacao\" \/>\n<meta property=\"og:site_name\" content=\"FarmElder\" \/>\n<meta property=\"article:modified_time\" content=\"2024-07-03T08:47:22+00:00\" \/>\n<meta name=\"twitter:card\" content=\"summary_large_image\" \/>\n<meta name=\"twitter:label1\" content=\"Tempo estimado de leitura\" \/>\n\t<meta name=\"twitter:data1\" content=\"4 minutos\" \/>\n<script type=\"application\/ld+json\" class=\"yoast-schema-graph\">{\"@context\":\"https:\/\/schema.org\",\"@graph\":[{\"@type\":\"WebPage\",\"@id\":\"https:\/\/farmelder.eu\/pt-pt\/materiais-de-formacao\",\"url\":\"https:\/\/farmelder.eu\/pt-pt\/materiais-de-formacao\",\"name\":\"Materiais de forma\u00e7\u00e3o - FarmElder\",\"isPartOf\":{\"@id\":\"https:\/\/farmelder.eu\/#website\"},\"datePublished\":\"2024-06-18T06:48:00+00:00\",\"dateModified\":\"2024-07-03T08:47:22+00:00\",\"breadcrumb\":{\"@id\":\"https:\/\/farmelder.eu\/pt-pt\/materiais-de-formacao#breadcrumb\"},\"inLanguage\":\"pt-PT\",\"potentialAction\":[{\"@type\":\"ReadAction\",\"target\":[\"https:\/\/farmelder.eu\/pt-pt\/materiais-de-formacao\"]}]},{\"@type\":\"BreadcrumbList\",\"@id\":\"https:\/\/farmelder.eu\/pt-pt\/materiais-de-formacao#breadcrumb\",\"itemListElement\":[{\"@type\":\"ListItem\",\"position\":1,\"name\":\"Home\",\"item\":\"https:\/\/farmelder.eu\/pt-pt\/pagina-inicial\"},{\"@type\":\"ListItem\",\"position\":2,\"name\":\"Materiais de forma\u00e7\u00e3o\"}]},{\"@type\":\"WebSite\",\"@id\":\"https:\/\/farmelder.eu\/#website\",\"url\":\"https:\/\/farmelder.eu\/\",\"name\":\"FarmElder\",\"description\":\"Social Farming for the Elderly\",\"publisher\":{\"@id\":\"https:\/\/farmelder.eu\/#organization\"},\"potentialAction\":[{\"@type\":\"SearchAction\",\"target\":{\"@type\":\"EntryPoint\",\"urlTemplate\":\"https:\/\/farmelder.eu\/?s={search_term_string}\"},\"query-input\":{\"@type\":\"PropertyValueSpecification\",\"valueRequired\":true,\"valueName\":\"search_term_string\"}}],\"inLanguage\":\"pt-PT\"},{\"@type\":\"Organization\",\"@id\":\"https:\/\/farmelder.eu\/#organization\",\"name\":\"FarmElder\",\"url\":\"https:\/\/farmelder.eu\/\",\"logo\":{\"@type\":\"ImageObject\",\"inLanguage\":\"pt-PT\",\"@id\":\"https:\/\/farmelder.eu\/#\/schema\/logo\/image\/\",\"url\":\"https:\/\/farmelder.eu\/wp-content\/uploads\/2022\/07\/Logotype_FarmElder-1-e1657271245827.png\",\"contentUrl\":\"https:\/\/farmelder.eu\/wp-content\/uploads\/2022\/07\/Logotype_FarmElder-1-e1657271245827.png\",\"width\":350,\"height\":197,\"caption\":\"FarmElder\"},\"image\":{\"@id\":\"https:\/\/farmelder.eu\/#\/schema\/logo\/image\/\"}}]}<\/script>\n<!-- \/ Yoast SEO plugin. -->","yoast_head_json":{"title":"Materiais de forma\u00e7\u00e3o - FarmElder","robots":{"index":"index","follow":"follow","max-snippet":"max-snippet:-1","max-image-preview":"max-image-preview:large","max-video-preview":"max-video-preview:-1"},"canonical":"https:\/\/farmelder.eu\/pt-pt\/materiais-de-formacao","og_locale":"pt_PT","og_type":"article","og_title":"Materiais de forma\u00e7\u00e3o - FarmElder","og_description":"Introdu\u00e7\u00e3o aos M\u00f3dulos da Forma\u00e7\u00e3o Bem-vindo \u00e0 sec\u00e7\u00e3o dos m\u00f3dulos de forma\u00e7\u00e3o do projeto FarmElder. Antes de come\u00e7ar a ler e a trabalhar nos cursos, gostar\u00edamos de lhe dar uma vis\u00e3o geral dos m\u00f3dulos de forma\u00e7\u00e3o desenvolvidos e dar-lhe uma breve introdu\u00e7\u00e3o \u00e0 sua aplica\u00e7\u00e3o. Por favor, leia esta introdu\u00e7\u00e3o cuidadosamente para adquirir o maior [&hellip;]","og_url":"https:\/\/farmelder.eu\/pt-pt\/materiais-de-formacao","og_site_name":"FarmElder","article_modified_time":"2024-07-03T08:47:22+00:00","twitter_card":"summary_large_image","twitter_misc":{"Tempo estimado de leitura":"4 minutos"},"schema":{"@context":"https:\/\/schema.org","@graph":[{"@type":"WebPage","@id":"https:\/\/farmelder.eu\/pt-pt\/materiais-de-formacao","url":"https:\/\/farmelder.eu\/pt-pt\/materiais-de-formacao","name":"Materiais de forma\u00e7\u00e3o - FarmElder","isPartOf":{"@id":"https:\/\/farmelder.eu\/#website"},"datePublished":"2024-06-18T06:48:00+00:00","dateModified":"2024-07-03T08:47:22+00:00","breadcrumb":{"@id":"https:\/\/farmelder.eu\/pt-pt\/materiais-de-formacao#breadcrumb"},"inLanguage":"pt-PT","potentialAction":[{"@type":"ReadAction","target":["https:\/\/farmelder.eu\/pt-pt\/materiais-de-formacao"]}]},{"@type":"BreadcrumbList","@id":"https:\/\/farmelder.eu\/pt-pt\/materiais-de-formacao#breadcrumb","itemListElement":[{"@type":"ListItem","position":1,"name":"Home","item":"https:\/\/farmelder.eu\/pt-pt\/pagina-inicial"},{"@type":"ListItem","position":2,"name":"Materiais de forma\u00e7\u00e3o"}]},{"@type":"WebSite","@id":"https:\/\/farmelder.eu\/#website","url":"https:\/\/farmelder.eu\/","name":"FarmElder","description":"Social Farming for the Elderly","publisher":{"@id":"https:\/\/farmelder.eu\/#organization"},"potentialAction":[{"@type":"SearchAction","target":{"@type":"EntryPoint","urlTemplate":"https:\/\/farmelder.eu\/?s={search_term_string}"},"query-input":{"@type":"PropertyValueSpecification","valueRequired":true,"valueName":"search_term_string"}}],"inLanguage":"pt-PT"},{"@type":"Organization","@id":"https:\/\/farmelder.eu\/#organization","name":"FarmElder","url":"https:\/\/farmelder.eu\/","logo":{"@type":"ImageObject","inLanguage":"pt-PT","@id":"https:\/\/farmelder.eu\/#\/schema\/logo\/image\/","url":"https:\/\/farmelder.eu\/wp-content\/uploads\/2022\/07\/Logotype_FarmElder-1-e1657271245827.png","contentUrl":"https:\/\/farmelder.eu\/wp-content\/uploads\/2022\/07\/Logotype_FarmElder-1-e1657271245827.png","width":350,"height":197,"caption":"FarmElder"},"image":{"@id":"https:\/\/farmelder.eu\/#\/schema\/logo\/image\/"}}]}},"_links":{"self":[{"href":"https:\/\/farmelder.eu\/pt-pt\/wp-json\/wp\/v2\/pages\/1662","targetHints":{"allow":["GET"]}}],"collection":[{"href":"https:\/\/farmelder.eu\/pt-pt\/wp-json\/wp\/v2\/pages"}],"about":[{"href":"https:\/\/farmelder.eu\/pt-pt\/wp-json\/wp\/v2\/types\/page"}],"author":[{"embeddable":true,"href":"https:\/\/farmelder.eu\/pt-pt\/wp-json\/wp\/v2\/users\/1"}],"replies":[{"embeddable":true,"href":"https:\/\/farmelder.eu\/pt-pt\/wp-json\/wp\/v2\/comments?post=1662"}],"version-history":[{"count":4,"href":"https:\/\/farmelder.eu\/pt-pt\/wp-json\/wp\/v2\/pages\/1662\/revisions"}],"predecessor-version":[{"id":1716,"href":"https:\/\/farmelder.eu\/pt-pt\/wp-json\/wp\/v2\/pages\/1662\/revisions\/1716"}],"wp:attachment":[{"href":"https:\/\/farmelder.eu\/pt-pt\/wp-json\/wp\/v2\/media?parent=1662"}],"curies":[{"name":"wp","href":"https:\/\/api.w.org\/{rel}","templated":true}]}}