{"id":889,"date":"2022-07-08T08:56:07","date_gmt":"2022-07-08T08:56:07","guid":{"rendered":"https:\/\/farmelder.eu\/contact"},"modified":"2024-06-24T06:43:16","modified_gmt":"2024-06-24T06:43:16","slug":"contact","status":"publish","type":"page","link":"https:\/\/farmelder.eu\/fr\/contact","title":{"rendered":"Contact"},"content":{"rendered":"\t\t<div data-elementor-type=\"wp-page\" data-elementor-id=\"889\" class=\"elementor elementor-889 elementor-41\" data-elementor-post-type=\"page\">\n\t\t\t\t\t\t<section class=\"elementor-section elementor-top-section elementor-element elementor-element-2e26911 elementor-section-boxed elementor-section-height-default elementor-section-height-default\" data-id=\"2e26911\" data-element_type=\"section\" data-settings=\"{&quot;background_background&quot;:&quot;classic&quot;}\">\n\t\t\t\t\t\t<div class=\"elementor-container elementor-column-gap-default\">\n\t\t\t\t\t<div class=\"elementor-column elementor-col-100 elementor-top-column elementor-element elementor-element-a293b23\" data-id=\"a293b23\" data-element_type=\"column\">\n\t\t\t<div class=\"elementor-widget-wrap elementor-element-populated\">\n\t\t\t\t\t\t<div class=\"elementor-element elementor-element-71ea6b14 elementor-widget elementor-widget-heading\" data-id=\"71ea6b14\" data-element_type=\"widget\" data-widget_type=\"heading.default\">\n\t\t\t\t<div class=\"elementor-widget-container\">\n\t\t\t\t\t<h1 class=\"elementor-heading-title elementor-size-default\">Nous contacter<\/h1>\t\t\t\t<\/div>\n\t\t\t\t<\/div>\n\t\t\t\t\t<\/div>\n\t\t<\/div>\n\t\t\t\t\t<\/div>\n\t\t<\/section>\n\t\t\t\t<section class=\"elementor-section elementor-top-section elementor-element elementor-element-1d178fee elementor-section-content-middle elementor-section-full_width elementor-section-height-default elementor-section-height-default\" data-id=\"1d178fee\" data-element_type=\"section\">\n\t\t\t\t\t\t<div class=\"elementor-container elementor-column-gap-no\">\n\t\t\t\t\t<div class=\"elementor-column elementor-col-50 elementor-top-column elementor-element elementor-element-4e1095c8\" data-id=\"4e1095c8\" data-element_type=\"column\">\n\t\t\t<div class=\"elementor-widget-wrap elementor-element-populated\">\n\t\t\t\t\t\t<div class=\"elementor-element elementor-element-7352236 elementor-widget elementor-widget-heading\" data-id=\"7352236\" data-element_type=\"widget\" data-widget_type=\"heading.default\">\n\t\t\t\t<div class=\"elementor-widget-container\">\n\t\t\t\t\t<h4 class=\"elementor-heading-title elementor-size-default\">Nous serions heureux de vous entendre\n<\/h4>\t\t\t\t<\/div>\n\t\t\t\t<\/div>\n\t\t\t\t<div class=\"elementor-element elementor-element-3a0057df elementor-widget elementor-widget-text-editor\" data-id=\"3a0057df\" data-element_type=\"widget\" data-widget_type=\"text-editor.default\">\n\t\t\t\t<div class=\"elementor-widget-container\">\n\t\t\t\t\t\t\t\t\t<p>N&rsquo;h\u00e9sitez pas \u00e0 nous contacter en utilisant les coordonn\u00e9es ci-dessous.<\/p>\n\t\t\t\t\t\t\t\t<\/div>\n\t\t\t\t<\/div>\n\t\t\t\t<div class=\"elementor-element elementor-element-36c233f0 elementor-align-left elementor-icon-list--layout-traditional elementor-list-item-link-full_width elementor-widget elementor-widget-icon-list\" data-id=\"36c233f0\" data-element_type=\"widget\" data-widget_type=\"icon-list.default\">\n\t\t\t\t<div class=\"elementor-widget-container\">\n\t\t\t\t\t\t\t<ul class=\"elementor-icon-list-items\">\n\t\t\t\t\t\t\t<li class=\"elementor-icon-list-item\">\n\t\t\t\t\t\t\t\t\t\t<span class=\"elementor-icon-list-text\"><b>Contact :<\/b> Organisation europ\u00e9enne des propri\u00e9taires fonciers<\/span>\n\t\t\t\t\t\t\t\t\t<\/li>\n\t\t\t\t\t\t\t\t<li class=\"elementor-icon-list-item\">\n\t\t\t\t\t\t\t\t\t\t<span class=\"elementor-icon-list-text\"><b>Email :<\/b> projects@elo.org<\/span>\n\t\t\t\t\t\t\t\t\t<\/li>\n\t\t\t\t\t\t\t\t<li class=\"elementor-icon-list-item\">\n\t\t\t\t\t\t\t\t\t\t<span class=\"elementor-icon-list-text\"><b>T\u00e9l\u00e9phone :<\/b> +32 (0)2 234 30 00<\/span>\n\t\t\t\t\t\t\t\t\t<\/li>\n\t\t\t\t\t\t\t\t<li class=\"elementor-icon-list-item\">\n\t\t\t\t\t\t\t\t\t\t<span class=\"elementor-icon-list-text\"><b>Adresse : <\/b> Rue de Tr\u00e8ves 67 I B-1040 Bruxelles<\/span>\n\t\t\t\t\t\t\t\t\t<\/li>\n\t\t\t\t\t\t<\/ul>\n\t\t\t\t\t\t<\/div>\n\t\t\t\t<\/div>\n\t\t\t\t\t<\/div>\n\t\t<\/div>\n\t\t\t\t<div class=\"elementor-column elementor-col-50 elementor-top-column elementor-element elementor-element-7ad9b627\" data-id=\"7ad9b627\" data-element_type=\"column\">\n\t\t\t<div class=\"elementor-widget-wrap elementor-element-populated\">\n\t\t\t\t\t\t<div class=\"elementor-element elementor-element-f9adb63 elementor-button-align-stretch elementor-widget elementor-widget-form\" data-id=\"f9adb63\" data-element_type=\"widget\" data-settings=\"{&quot;step_next_label&quot;:&quot;Next&quot;,&quot;step_previous_label&quot;:&quot;Previous&quot;,&quot;button_width&quot;:&quot;100&quot;,&quot;dce_confirm_dialog_enabled&quot;:&quot;no&quot;,&quot;step_type&quot;:&quot;number_text&quot;,&quot;step_icon_shape&quot;:&quot;circle&quot;,&quot;label_icon_size&quot;:{&quot;unit&quot;:&quot;px&quot;,&quot;size&quot;:&quot;&quot;,&quot;sizes&quot;:[]},&quot;field_icon_size&quot;:{&quot;unit&quot;:&quot;px&quot;,&quot;size&quot;:&quot;&quot;,&quot;sizes&quot;:[]}}\" data-widget_type=\"form.default\">\n\t\t\t\t<div class=\"elementor-widget-container\">\n\t\t\t\t\t\t\t<form class=\"elementor-form\" method=\"post\" name=\"New Form\">\n\t\t\t<input type=\"hidden\" name=\"post_id\" value=\"889\"\/>\n\t\t\t<input type=\"hidden\" name=\"form_id\" value=\"f9adb63\"\/>\n\t\t\t<input type=\"hidden\" name=\"referer_title\" value=\"FarmElder\" \/>\n\n\t\t\t\n\t\t\t<div class=\"elementor-form-fields-wrapper elementor-labels-above\">\n\t\t\t\t\t\t\t\t<div class=\"elementor-field-type-text elementor-field-group elementor-column elementor-field-group-name elementor-col-100\">\n\t\t\t\t\t\t\t\t\t\t\t\t\t<input size=\"1\" type=\"text\" name=\"form_fields[name]\" id=\"form-field-name\" class=\"elementor-field elementor-size-sm  elementor-field-textual\" placeholder=\"Nom\">\n\t\t\t\t\t\t\t\t\t\t\t<\/div>\n\t\t\t\t\t\t\t\t<div class=\"elementor-field-type-email elementor-field-group elementor-column elementor-field-group-email elementor-col-100 elementor-field-required\">\n\t\t\t\t\t\t\t\t\t\t\t\t\t<input size=\"1\" type=\"email\" name=\"form_fields[email]\" id=\"form-field-email\" class=\"elementor-field elementor-size-sm  elementor-field-textual\" placeholder=\"Courriel\" required=\"required\">\n\t\t\t\t\t\t\t\t\t\t\t<\/div>\n\t\t\t\t\t\t\t\t<div class=\"elementor-field-type-textarea elementor-field-group elementor-column elementor-field-group-message elementor-col-100\">\n\t\t\t\t\t<textarea class=\"elementor-field-textual elementor-field  elementor-size-sm\" name=\"form_fields[message]\" id=\"form-field-message\" rows=\"4\" placeholder=\"Message\"><\/textarea>\t\t\t\t<\/div>\n\t\t\t\t\t\t\t\t<div class=\"elementor-field-group elementor-column elementor-field-type-submit elementor-col-100 e-form__buttons\">\n\t\t\t\t\t<button class=\"elementor-button elementor-size-sm\" type=\"submit\">\n\t\t\t\t\t\t<span class=\"elementor-button-content-wrapper\">\n\t\t\t\t\t\t\t\t\t\t\t\t\t\t\t\t\t\t\t\t\t\t<span class=\"elementor-button-text\">Envoyer<\/span>\n\t\t\t\t\t\t\t\t\t\t\t\t\t<\/span>\n\t\t\t\t\t<\/button>\n\t\t\t\t<\/div>\n\t\t\t<\/div>\n\t\t<\/form>\n\t\t\t\t\t\t<\/div>\n\t\t\t\t<\/div>\n\t\t\t\t\t<\/div>\n\t\t<\/div>\n\t\t\t\t\t<\/div>\n\t\t<\/section>\n\t\t\t\t<\/div>\n\t\t","protected":false},"excerpt":{"rendered":"<p>Nous contacter Nous serions heureux de vous entendre N&rsquo;h\u00e9sitez pas \u00e0 nous contacter en utilisant les coordonn\u00e9es ci-dessous. Contact : Organisation europ\u00e9enne des propri\u00e9taires fonciers Email : projects@elo.org T\u00e9l\u00e9phone : +32 (0)2 234 30 00 Adresse : Rue de Tr\u00e8ves 67 I B-1040 Bruxelles<\/p>\n","protected":false},"author":1,"featured_media":0,"parent":0,"menu_order":0,"comment_status":"closed","ping_status":"closed","template":"elementor_header_footer","meta":{"_acf_changed":false,"footnotes":""},"class_list":["post-889","page","type-page","status-publish","hentry"],"acf":[],"yoast_head":"<!-- This site is optimized with the Yoast SEO plugin v24.5 - https:\/\/yoast.com\/wordpress\/plugins\/seo\/ -->\n<title>Contact - FarmElder<\/title>\n<meta name=\"robots\" content=\"index, follow, max-snippet:-1, max-image-preview:large, max-video-preview:-1\" \/>\n<link rel=\"canonical\" href=\"https:\/\/farmelder.eu\/fr\/contact\" \/>\n<meta property=\"og:locale\" content=\"fr_FR\" \/>\n<meta property=\"og:type\" content=\"article\" \/>\n<meta property=\"og:title\" content=\"Contact - FarmElder\" \/>\n<meta property=\"og:description\" content=\"Nous contacter Nous serions heureux de vous entendre N&rsquo;h\u00e9sitez pas \u00e0 nous contacter en utilisant les coordonn\u00e9es ci-dessous. Contact : Organisation europ\u00e9enne des propri\u00e9taires fonciers Email : projects@elo.org T\u00e9l\u00e9phone : +32 (0)2 234 30 00 Adresse : Rue de Tr\u00e8ves 67 I B-1040 Bruxelles\" \/>\n<meta property=\"og:url\" content=\"https:\/\/farmelder.eu\/fr\/contact\" \/>\n<meta property=\"og:site_name\" content=\"FarmElder\" \/>\n<meta property=\"article:modified_time\" content=\"2024-06-24T06:43:16+00:00\" \/>\n<meta name=\"twitter:card\" content=\"summary_large_image\" \/>\n<script type=\"application\/ld+json\" class=\"yoast-schema-graph\">{\"@context\":\"https:\/\/schema.org\",\"@graph\":[{\"@type\":\"WebPage\",\"@id\":\"https:\/\/farmelder.eu\/fr\/contact\",\"url\":\"https:\/\/farmelder.eu\/fr\/contact\",\"name\":\"Contact - FarmElder\",\"isPartOf\":{\"@id\":\"https:\/\/farmelder.eu\/#website\"},\"datePublished\":\"2022-07-08T08:56:07+00:00\",\"dateModified\":\"2024-06-24T06:43:16+00:00\",\"breadcrumb\":{\"@id\":\"https:\/\/farmelder.eu\/fr\/contact#breadcrumb\"},\"inLanguage\":\"fr-FR\",\"potentialAction\":[{\"@type\":\"ReadAction\",\"target\":[\"https:\/\/farmelder.eu\/fr\/contact\"]}]},{\"@type\":\"BreadcrumbList\",\"@id\":\"https:\/\/farmelder.eu\/fr\/contact#breadcrumb\",\"itemListElement\":[{\"@type\":\"ListItem\",\"position\":1,\"name\":\"Home\",\"item\":\"https:\/\/farmelder.eu\/fr\/home\"},{\"@type\":\"ListItem\",\"position\":2,\"name\":\"Contact\"}]},{\"@type\":\"WebSite\",\"@id\":\"https:\/\/farmelder.eu\/#website\",\"url\":\"https:\/\/farmelder.eu\/\",\"name\":\"FarmElder\",\"description\":\"Social Farming for the Elderly\",\"publisher\":{\"@id\":\"https:\/\/farmelder.eu\/#organization\"},\"potentialAction\":[{\"@type\":\"SearchAction\",\"target\":{\"@type\":\"EntryPoint\",\"urlTemplate\":\"https:\/\/farmelder.eu\/?s={search_term_string}\"},\"query-input\":{\"@type\":\"PropertyValueSpecification\",\"valueRequired\":true,\"valueName\":\"search_term_string\"}}],\"inLanguage\":\"fr-FR\"},{\"@type\":\"Organization\",\"@id\":\"https:\/\/farmelder.eu\/#organization\",\"name\":\"FarmElder\",\"url\":\"https:\/\/farmelder.eu\/\",\"logo\":{\"@type\":\"ImageObject\",\"inLanguage\":\"fr-FR\",\"@id\":\"https:\/\/farmelder.eu\/#\/schema\/logo\/image\/\",\"url\":\"https:\/\/farmelder.eu\/wp-content\/uploads\/2022\/07\/Logotype_FarmElder-1-e1657271245827.png\",\"contentUrl\":\"https:\/\/farmelder.eu\/wp-content\/uploads\/2022\/07\/Logotype_FarmElder-1-e1657271245827.png\",\"width\":350,\"height\":197,\"caption\":\"FarmElder\"},\"image\":{\"@id\":\"https:\/\/farmelder.eu\/#\/schema\/logo\/image\/\"}}]}<\/script>\n<!-- \/ Yoast SEO plugin. -->","yoast_head_json":{"title":"Contact - FarmElder","robots":{"index":"index","follow":"follow","max-snippet":"max-snippet:-1","max-image-preview":"max-image-preview:large","max-video-preview":"max-video-preview:-1"},"canonical":"https:\/\/farmelder.eu\/fr\/contact","og_locale":"fr_FR","og_type":"article","og_title":"Contact - FarmElder","og_description":"Nous contacter Nous serions heureux de vous entendre N&rsquo;h\u00e9sitez pas \u00e0 nous contacter en utilisant les coordonn\u00e9es ci-dessous. Contact : Organisation europ\u00e9enne des propri\u00e9taires fonciers Email : projects@elo.org T\u00e9l\u00e9phone : +32 (0)2 234 30 00 Adresse : Rue de Tr\u00e8ves 67 I B-1040 Bruxelles","og_url":"https:\/\/farmelder.eu\/fr\/contact","og_site_name":"FarmElder","article_modified_time":"2024-06-24T06:43:16+00:00","twitter_card":"summary_large_image","schema":{"@context":"https:\/\/schema.org","@graph":[{"@type":"WebPage","@id":"https:\/\/farmelder.eu\/fr\/contact","url":"https:\/\/farmelder.eu\/fr\/contact","name":"Contact - FarmElder","isPartOf":{"@id":"https:\/\/farmelder.eu\/#website"},"datePublished":"2022-07-08T08:56:07+00:00","dateModified":"2024-06-24T06:43:16+00:00","breadcrumb":{"@id":"https:\/\/farmelder.eu\/fr\/contact#breadcrumb"},"inLanguage":"fr-FR","potentialAction":[{"@type":"ReadAction","target":["https:\/\/farmelder.eu\/fr\/contact"]}]},{"@type":"BreadcrumbList","@id":"https:\/\/farmelder.eu\/fr\/contact#breadcrumb","itemListElement":[{"@type":"ListItem","position":1,"name":"Home","item":"https:\/\/farmelder.eu\/fr\/home"},{"@type":"ListItem","position":2,"name":"Contact"}]},{"@type":"WebSite","@id":"https:\/\/farmelder.eu\/#website","url":"https:\/\/farmelder.eu\/","name":"FarmElder","description":"Social Farming for the Elderly","publisher":{"@id":"https:\/\/farmelder.eu\/#organization"},"potentialAction":[{"@type":"SearchAction","target":{"@type":"EntryPoint","urlTemplate":"https:\/\/farmelder.eu\/?s={search_term_string}"},"query-input":{"@type":"PropertyValueSpecification","valueRequired":true,"valueName":"search_term_string"}}],"inLanguage":"fr-FR"},{"@type":"Organization","@id":"https:\/\/farmelder.eu\/#organization","name":"FarmElder","url":"https:\/\/farmelder.eu\/","logo":{"@type":"ImageObject","inLanguage":"fr-FR","@id":"https:\/\/farmelder.eu\/#\/schema\/logo\/image\/","url":"https:\/\/farmelder.eu\/wp-content\/uploads\/2022\/07\/Logotype_FarmElder-1-e1657271245827.png","contentUrl":"https:\/\/farmelder.eu\/wp-content\/uploads\/2022\/07\/Logotype_FarmElder-1-e1657271245827.png","width":350,"height":197,"caption":"FarmElder"},"image":{"@id":"https:\/\/farmelder.eu\/#\/schema\/logo\/image\/"}}]}},"_links":{"self":[{"href":"https:\/\/farmelder.eu\/fr\/wp-json\/wp\/v2\/pages\/889","targetHints":{"allow":["GET"]}}],"collection":[{"href":"https:\/\/farmelder.eu\/fr\/wp-json\/wp\/v2\/pages"}],"about":[{"href":"https:\/\/farmelder.eu\/fr\/wp-json\/wp\/v2\/types\/page"}],"author":[{"embeddable":true,"href":"https:\/\/farmelder.eu\/fr\/wp-json\/wp\/v2\/users\/1"}],"replies":[{"embeddable":true,"href":"https:\/\/farmelder.eu\/fr\/wp-json\/wp\/v2\/comments?post=889"}],"version-history":[{"count":11,"href":"https:\/\/farmelder.eu\/fr\/wp-json\/wp\/v2\/pages\/889\/revisions"}],"predecessor-version":[{"id":1686,"href":"https:\/\/farmelder.eu\/fr\/wp-json\/wp\/v2\/pages\/889\/revisions\/1686"}],"wp:attachment":[{"href":"https:\/\/farmelder.eu\/fr\/wp-json\/wp\/v2\/media?parent=889"}],"curies":[{"name":"wp","href":"https:\/\/api.w.org\/{rel}","templated":true}]}}