{"id":1658,"date":"2024-06-18T06:48:00","date_gmt":"2024-06-18T06:48:00","guid":{"rendered":"https:\/\/farmelder.eu\/materiel-de-formation"},"modified":"2024-06-20T07:06:29","modified_gmt":"2024-06-20T07:06:29","slug":"materiel-de-formation","status":"publish","type":"page","link":"https:\/\/farmelder.eu\/fr\/materiel-de-formation","title":{"rendered":"Mat\u00e9riel de formation"},"content":{"rendered":"\t\t<div data-elementor-type=\"wp-page\" data-elementor-id=\"1658\" class=\"elementor elementor-1658 elementor-1609\" data-elementor-post-type=\"page\">\n\t\t\t\t<div data-dce-background-color=\"#027940\" data-dce-background-overlay-color=\"#000000\" data-dce-background-image-url=\"https:\/\/farmelder.eu\/wp-content\/uploads\/2023\/03\/Biohof-Steinbock2-Germany-\u00a9-Biohof-Steinbock.jpg\" class=\"elementor-element elementor-element-ecad4bf e-flex e-con-boxed e-con e-parent\" data-id=\"ecad4bf\" data-element_type=\"container\" data-settings=\"{&quot;background_background&quot;:&quot;classic&quot;,&quot;background_motion_fx_motion_fx_scrolling&quot;:&quot;yes&quot;,&quot;background_motion_fx_devices&quot;:[&quot;desktop&quot;,&quot;tablet&quot;,&quot;mobile&quot;]}\">\n\t\t\t\t\t<div class=\"e-con-inner\">\n\t\t\t\t\t<\/div>\n\t\t\t\t<\/div>\n\t\t<div class=\"elementor-element elementor-element-0c2a599 e-flex e-con-boxed e-con e-parent\" data-id=\"0c2a599\" data-element_type=\"container\">\n\t\t\t\t\t<div class=\"e-con-inner\">\n\t\t\t\t<div class=\"elementor-element elementor-element-61ee1ab elementor-widget elementor-widget-heading\" data-id=\"61ee1ab\" data-element_type=\"widget\" data-widget_type=\"heading.default\">\n\t\t\t\t<div class=\"elementor-widget-container\">\n\t\t\t\t\t<h2 class=\"elementor-heading-title elementor-size-default\">Introduction aux modules de formation<\/h2>\t\t\t\t<\/div>\n\t\t\t\t<\/div>\n\t\t\t\t<div class=\"elementor-element elementor-element-ff5728a elementor-widget elementor-widget-text-editor\" data-id=\"ff5728a\" data-element_type=\"widget\" data-widget_type=\"text-editor.default\">\n\t\t\t\t<div class=\"elementor-widget-container\">\n\t\t\t\t\t\t\t\t\t<p>Bienvenue dans la section des modules de formation du projet FarmElder.<\/p>\n<p>Avant que vous ne commenciez \u00e0 lire et \u00e0 suivre les cours, nous aimerions vous donner une vue d&rsquo;ensemble des modules de formation d\u00e9velopp\u00e9s et vous pr\u00e9senter bri\u00e8vement leur application. Veuillez lire attentivement cette introduction afin d&rsquo;acqu\u00e9rir autant de comp\u00e9tences et de connaissances que possible dans le cadre de ce cours. <\/p>\n\t\t\t\t\t\t\t\t<\/div>\n\t\t\t\t<\/div>\n\t\t\t\t<div class=\"elementor-element elementor-element-8994765 elementor-align-center elementor-widget elementor-widget-button\" data-id=\"8994765\" data-element_type=\"widget\" data-widget_type=\"button.default\">\n\t\t\t\t<div class=\"elementor-widget-container\">\n\t\t\t\t\t\t\t\t\t<div class=\"elementor-button-wrapper\">\n\t\t\t\t\t<a class=\"elementor-button elementor-button-link elementor-size-sm\" href=\"#modules\">\n\t\t\t\t\t\t<span class=\"elementor-button-content-wrapper\">\n\t\t\t\t\t\t\t\t\t<span class=\"elementor-button-text\">Consulter les modules<\/span>\n\t\t\t\t\t<\/span>\n\t\t\t\t\t<\/a>\n\t\t\t\t<\/div>\n\t\t\t\t\t\t\t\t<\/div>\n\t\t\t\t<\/div>\n\t\t\t\t<div class=\"elementor-element elementor-element-4aa1308 elementor-widget elementor-widget-heading\" data-id=\"4aa1308\" data-element_type=\"widget\" data-widget_type=\"heading.default\">\n\t\t\t\t<div class=\"elementor-widget-container\">\n\t\t\t\t\t<h3 class=\"elementor-heading-title elementor-size-default\">1. Comp\u00e9tences, connaissances et attitudes n\u00e9cessaires dans l'agriculture sociale pour et avec les personnes \u00e2g\u00e9es<\/h3>\t\t\t\t<\/div>\n\t\t\t\t<\/div>\n\t\t\t\t<div class=\"elementor-element elementor-element-ed90f54 elementor-widget elementor-widget-text-editor\" data-id=\"ed90f54\" data-element_type=\"widget\" data-widget_type=\"text-editor.default\">\n\t\t\t\t<div class=\"elementor-widget-container\">\n\t\t\t\t\t\t\t\t\t<p>Avant de commencer \u00e0 travailler sur les modules de formation, nous avons effectu\u00e9 des recherches pour identifier les principaux probl\u00e8mes et d\u00e9fis de l&rsquo;agriculture sociale avec les personnes \u00e2g\u00e9es. Nous avons analys\u00e9 le mat\u00e9riel et les \u00e9tudes existants, discut\u00e9 avec des praticiens et examin\u00e9 des exemples sur le terrain. <\/p>\n<p>La r\u00e9alisation de recherches approfondies nous a permis d&rsquo;identifier les domaines dans lesquels il est n\u00e9cessaire d&rsquo;offrir des possibilit\u00e9s de formation suppl\u00e9mentaires. Les r\u00e9sultats de la recherche et les \u00e9tudes de cas sont d\u00e9sormais disponibles en tant que publications sur le site web de FarmElder (www.farmelder.eu) et leur lecture est recommand\u00e9e pendant le cours. <\/p>\n\t\t\t\t\t\t\t\t<\/div>\n\t\t\t\t<\/div>\n\t\t\t\t<div class=\"elementor-element elementor-element-072ef9c elementor-widget elementor-widget-heading\" data-id=\"072ef9c\" data-element_type=\"widget\" data-widget_type=\"heading.default\">\n\t\t\t\t<div class=\"elementor-widget-container\">\n\t\t\t\t\t<h3 class=\"elementor-heading-title elementor-size-default\">2. Temps approximatif n\u00e9cessaire pour compl\u00e9ter tous les modules<\/h3>\t\t\t\t<\/div>\n\t\t\t\t<\/div>\n\t\t\t\t<div class=\"elementor-element elementor-element-01b6c19 elementor-widget elementor-widget-text-editor\" data-id=\"01b6c19\" data-element_type=\"widget\" data-widget_type=\"text-editor.default\">\n\t\t\t\t<div class=\"elementor-widget-container\">\n\t\t\t\t\t\t\t\t\t<p>Les modules de formation fournissent des informations sp\u00e9cifiques sur l&rsquo;agriculture sociale pour les personnes \u00e2g\u00e9es et donnent un aper\u00e7u de la pratique ainsi que des histoires inspirantes, en particulier pour ceux qui envisagent de s&rsquo;impliquer davantage et de fournir des services sociaux dans leur propre ferme.<\/p>\n<p>Nous vous recommandons d&rsquo;\u00e9tudier les modules en profondeur et de ne pas vous pr\u00e9cipiter. Prenez votre temps et parcourez-les peut-\u00eatre plusieurs fois, voire encore et encore si n\u00e9cessaire. <\/p>\n<p>En fonction de votre vitesse d&rsquo;apprentissage et de l&rsquo;unit\u00e9 en question, vous devriez prendre au moins 45 \u00e0 60 minutes pour parcourir chaque unit\u00e9 dans son int\u00e9gralit\u00e9.<\/p>\n\t\t\t\t\t\t\t\t<\/div>\n\t\t\t\t<\/div>\n\t\t\t\t<div class=\"elementor-element elementor-element-36fee3e elementor-widget elementor-widget-heading\" data-id=\"36fee3e\" data-element_type=\"widget\" data-widget_type=\"heading.default\">\n\t\t\t\t<div class=\"elementor-widget-container\">\n\t\t\t\t\t<h3 class=\"elementor-heading-title elementor-size-default\">3. Principes d'auto-apprentissage - comment utiliser les modules de formation<\/h3>\t\t\t\t<\/div>\n\t\t\t\t<\/div>\n\t\t\t\t<div class=\"elementor-element elementor-element-6ba7d4e elementor-widget elementor-widget-text-editor\" data-id=\"6ba7d4e\" data-element_type=\"widget\" data-widget_type=\"text-editor.default\">\n\t\t\t\t<div class=\"elementor-widget-container\">\n\t\t\t\t\t\t\t\t\t<p>Nous avons con\u00e7u les modules de formation de mani\u00e8re \u00e0 ce qu&rsquo;ils puissent \u00eatre utilis\u00e9s dans toute l&rsquo;Europe et qu&rsquo;ils soient \u00e9galement utiles \u00e0 un large \u00e9ventail de lecteurs.<\/p>\n<p>Comment utiliser les modules de formation :<\/p>\n<ul>\n<li>Vous pouvez parcourir tous les modules tr\u00e8s rapidement pour avoir une vue d&rsquo;ensemble du contenu, puis vous concentrer une deuxi\u00e8me fois de mani\u00e8re plus intensive sur les sujets qui vous int\u00e9ressent personnellement.<\/li>\n<li>Parcourez tous les modules \u00e9tape par \u00e9tape, car l&rsquo;ensemble du contenu de l&rsquo;analyse des besoins au d\u00e9but du projet a \u00e9t\u00e9 condens\u00e9, ce qui permet de transmettre un large \u00e9ventail de connaissances importantes. Tout ne sera pas pertinent dans votre situation actuelle, mais peut\u00eatre le sera-t-il \u00e0 l&rsquo;avenir. <\/li>\n<li>Parcourez les modules seul ou en groupe et \u00e9changez vos r\u00e9sultats ou votre avis sur ce qui est propos\u00e9.<\/li>\n<\/ul>\n\t\t\t\t\t\t\t\t<\/div>\n\t\t\t\t<\/div>\n\t\t\t\t<div class=\"elementor-element elementor-element-24b25c2 elementor-widget elementor-widget-menu-anchor\" data-id=\"24b25c2\" data-element_type=\"widget\" data-widget_type=\"menu-anchor.default\">\n\t\t\t\t<div class=\"elementor-widget-container\">\n\t\t\t\t\t\t\t<div class=\"elementor-menu-anchor\" id=\"modules\"><\/div>\n\t\t\t\t\t\t<\/div>\n\t\t\t\t<\/div>\n\t\t<div class=\"elementor-element elementor-element-07673b8 e-con-full e-flex e-con e-child\" data-id=\"07673b8\" data-element_type=\"container\">\n\t\t<div class=\"elementor-element elementor-element-c6c8842 e-con-full e-flex e-con e-child\" data-id=\"c6c8842\" data-element_type=\"container\" data-settings=\"{&quot;background_background&quot;:&quot;classic&quot;}\">\n\t\t\t\t<div class=\"elementor-element elementor-element-ca83d09 elementor-widget elementor-widget-heading\" data-id=\"ca83d09\" data-element_type=\"widget\" data-widget_type=\"heading.default\">\n\t\t\t\t<div class=\"elementor-widget-container\">\n\t\t\t\t\t<h3 class=\"elementor-heading-title elementor-size-default\">Module 1 - Le contexte de l'agriculture sociale pour les personnes \u00e2g\u00e9es\n<\/h3>\t\t\t\t<\/div>\n\t\t\t\t<\/div>\n\t\t<a class=\"elementor-element elementor-element-bbb721b e-con-full e-flex e-con e-child\" data-id=\"bbb721b\" data-element_type=\"container\" href=\"https:\/\/farmelder.eu\/fr\/farmelder_module1_unit1_en\" target=\"_blank\">\n\t\t\t\t<div class=\"elementor-element elementor-element-35190e0 elementor-widget__width-initial elementor-widget elementor-widget-heading\" data-id=\"35190e0\" data-element_type=\"widget\" data-widget_type=\"heading.default\">\n\t\t\t\t<div class=\"elementor-widget-container\">\n\t\t\t\t\t<span class=\"elementor-heading-title elementor-size-default\">Unit\u00e9 1.1<\/span>\t\t\t\t<\/div>\n\t\t\t\t<\/div>\n\t\t\t\t<div class=\"elementor-element elementor-element-f19ad66 elementor-widget elementor-widget-text-editor\" data-id=\"f19ad66\" data-element_type=\"widget\" data-widget_type=\"text-editor.default\">\n\t\t\t\t<div class=\"elementor-widget-container\">\n\t\t\t\t\t\t\t\t\t<p><strong>Les personnes \u00e2g\u00e9es en Europe <\/strong><\/p>\n<p>Dans cette unit\u00e9, vous d\u00e9couvrirez les changements d\u00e9mographiques en Europe et la mani\u00e8re dont ils affecteront les personnes \u00e2g\u00e9es dans les ann\u00e9es \u00e0 venir. En plus de donner quelques exemples de d\u00e9fis, elle vous donnera \u00e9galement un aper\u00e7u de la mani\u00e8re dont ces questions pourraient \u00eatre abord\u00e9es. <\/p>\n\t\t\t\t\t\t\t\t<\/div>\n\t\t\t\t<\/div>\n\t\t\t\t<\/a>\n\t\t<a class=\"elementor-element elementor-element-1584db9 e-con-full e-flex e-con e-child\" data-id=\"1584db9\" data-element_type=\"container\" href=\"https:\/\/farmelder.eu\/fr\/farmelder_module1_unit2_en\" target=\"_blank\">\n\t\t\t\t<div class=\"elementor-element elementor-element-e755d46 elementor-widget__width-initial elementor-widget elementor-widget-heading\" data-id=\"e755d46\" data-element_type=\"widget\" data-widget_type=\"heading.default\">\n\t\t\t\t<div class=\"elementor-widget-container\">\n\t\t\t\t\t<span class=\"elementor-heading-title elementor-size-default\">Unit\u00e9 1.2<\/span>\t\t\t\t<\/div>\n\t\t\t\t<\/div>\n\t\t\t\t<div class=\"elementor-element elementor-element-75fc1c1 elementor-widget elementor-widget-text-editor\" data-id=\"75fc1c1\" data-element_type=\"widget\" data-widget_type=\"text-editor.default\">\n\t\t\t\t<div class=\"elementor-widget-container\">\n\t\t\t\t\t\t\t\t\t<p><strong>Besoins et d\u00e9fis des personnes \u00e2g\u00e9es<\/strong><\/p>\n<p>Vous apprendrez \u00e0 conna\u00eetre les besoins des personnes \u00e2g\u00e9es, les d\u00e9fis auxquels elles sont confront\u00e9es, ainsi que les avantages, les risques, les menaces et les opportunit\u00e9s dans les zones rurales. Il est utile de comprendre ce que ressentent les personnes \u00e2g\u00e9es et cette connaissance permet de comprendre leurs besoins. <\/p>\n\t\t\t\t\t\t\t\t<\/div>\n\t\t\t\t<\/div>\n\t\t\t\t<\/a>\n\t\t\t\t<\/div>\n\t\t<div class=\"elementor-element elementor-element-65301c0 e-con-full e-flex e-con e-child\" data-id=\"65301c0\" data-element_type=\"container\" data-settings=\"{&quot;background_background&quot;:&quot;classic&quot;}\">\n\t\t\t\t<div class=\"elementor-element elementor-element-2af4959 elementor-widget elementor-widget-heading\" data-id=\"2af4959\" data-element_type=\"widget\" data-widget_type=\"heading.default\">\n\t\t\t\t<div class=\"elementor-widget-container\">\n\t\t\t\t\t<h3 class=\"elementor-heading-title elementor-size-default\">Module 2 - Fournir une agriculture sociale aux personnes \u00e2g\u00e9es\n<\/h3>\t\t\t\t<\/div>\n\t\t\t\t<\/div>\n\t\t<a class=\"elementor-element elementor-element-8884a18 e-con-full e-flex e-con e-child\" data-id=\"8884a18\" data-element_type=\"container\" href=\"https:\/\/farmelder.eu\/fr\/farmelder_module2_unit-1_en\" target=\"_blank\">\n\t\t\t\t<div class=\"elementor-element elementor-element-6ceca99 elementor-widget__width-initial elementor-widget elementor-widget-heading\" data-id=\"6ceca99\" data-element_type=\"widget\" data-widget_type=\"heading.default\">\n\t\t\t\t<div class=\"elementor-widget-container\">\n\t\t\t\t\t<span class=\"elementor-heading-title elementor-size-default\">Unit\u00e9 2.1<\/span>\t\t\t\t<\/div>\n\t\t\t\t<\/div>\n\t\t\t\t<div class=\"elementor-element elementor-element-4359234 elementor-widget elementor-widget-text-editor\" data-id=\"4359234\" data-element_type=\"widget\" data-widget_type=\"text-editor.default\">\n\t\t\t\t<div class=\"elementor-widget-container\">\n\t\t\t\t\t\t\t\t\t<p><strong>Les services sociaux d&rsquo;une ferme pour diff\u00e9rents types de personnes \u00e2g\u00e9es<\/strong><\/p>\n<p>Cette unit\u00e9 d&rsquo;apprentissage pr\u00e9sente diff\u00e9rentes options de services sociaux dans les exploitations agricoles. Bien qu&rsquo;ils soient tous destin\u00e9s aux personnes \u00e2g\u00e9es, leur forme et leur port\u00e9e peuvent varier consid\u00e9rablement. Chaque service est illustr\u00e9 par des exemples tir\u00e9s des \u00e9tudes de cas de FarmElder.  <\/p>\n\t\t\t\t\t\t\t\t<\/div>\n\t\t\t\t<\/div>\n\t\t\t\t<\/a>\n\t\t<a class=\"elementor-element elementor-element-486deac e-con-full e-flex e-con e-child\" data-id=\"486deac\" data-element_type=\"container\" href=\"https:\/\/farmelder.eu\/fr\/farmelder_module2_unit2_-en\" target=\"_blank\">\n\t\t\t\t<div class=\"elementor-element elementor-element-c4eb1d9 elementor-widget__width-initial elementor-widget elementor-widget-heading\" data-id=\"c4eb1d9\" data-element_type=\"widget\" data-widget_type=\"heading.default\">\n\t\t\t\t<div class=\"elementor-widget-container\">\n\t\t\t\t\t<span class=\"elementor-heading-title elementor-size-default\">Unit\u00e9 2.2<\/span>\t\t\t\t<\/div>\n\t\t\t\t<\/div>\n\t\t\t\t<div class=\"elementor-element elementor-element-a9997c4 elementor-widget elementor-widget-text-editor\" data-id=\"a9997c4\" data-element_type=\"widget\" data-widget_type=\"text-editor.default\">\n\t\t\t\t<div class=\"elementor-widget-container\">\n\t\t\t\t\t\t\t\t\t<p><strong>Comp\u00e9tences non techniques dans le travail avec les personnes \u00e2g\u00e9es<\/strong><\/p>\n<p>Ce module permet de comprendre les comp\u00e9tences non techniques et l&rsquo;importance de la communication, de la r\u00e9solution des conflits et permet aux apprenants de r\u00e9fl\u00e9chir \u00e0 l&rsquo;impact du travail des agriculteurs sociaux sur les personnes \u00e2g\u00e9es.<\/p>\n\t\t\t\t\t\t\t\t<\/div>\n\t\t\t\t<\/div>\n\t\t\t\t<\/a>\n\t\t\t\t<\/div>\n\t\t<div class=\"elementor-element elementor-element-5f24a3c e-con-full e-flex e-con e-child\" data-id=\"5f24a3c\" data-element_type=\"container\" data-settings=\"{&quot;background_background&quot;:&quot;classic&quot;}\">\n\t\t\t\t<div class=\"elementor-element elementor-element-0053f77 elementor-widget elementor-widget-heading\" data-id=\"0053f77\" data-element_type=\"widget\" data-widget_type=\"heading.default\">\n\t\t\t\t<div class=\"elementor-widget-container\">\n\t\t\t\t\t<h3 class=\"elementor-heading-title elementor-size-default\">Module 3 - Promouvoir l'agriculture sociale pour les personnes \u00e2g\u00e9es<\/h3>\t\t\t\t<\/div>\n\t\t\t\t<\/div>\n\t\t<a class=\"elementor-element elementor-element-5d26520 e-con-full e-flex e-con e-child\" data-id=\"5d26520\" data-element_type=\"container\" href=\"https:\/\/farmelder.eu\/fr\/farmelder_module3_unit1_en\" target=\"_blank\">\n\t\t\t\t<div class=\"elementor-element elementor-element-a76537f elementor-widget__width-initial elementor-widget elementor-widget-heading\" data-id=\"a76537f\" data-element_type=\"widget\" data-widget_type=\"heading.default\">\n\t\t\t\t<div class=\"elementor-widget-container\">\n\t\t\t\t\t<span class=\"elementor-heading-title elementor-size-default\">Unit\u00e9 3.1<\/span>\t\t\t\t<\/div>\n\t\t\t\t<\/div>\n\t\t\t\t<div class=\"elementor-element elementor-element-7346951 elementor-widget elementor-widget-text-editor\" data-id=\"7346951\" data-element_type=\"widget\" data-widget_type=\"text-editor.default\">\n\t\t\t\t<div class=\"elementor-widget-container\">\n\t\t\t\t\t\t\t\t\t<p><strong>Coop\u00e9ration et communication dans le secteur<\/strong><\/p>\n<p>Cette unit\u00e9 vous permet d&rsquo;acqu\u00e9rir des comp\u00e9tences de base en mati\u00e8re de communication et vous montre comment mettre en place une coop\u00e9ration\/un partenariat fructueux. Cela inclut l&rsquo;identification des besoins, la d\u00e9finition du domaine de coop\u00e9ration et ce qui est important lorsque l&rsquo;on cherche \u00e0 cr\u00e9er un partenariat. <\/p>\n\t\t\t\t\t\t\t\t<\/div>\n\t\t\t\t<\/div>\n\t\t\t\t<\/a>\n\t\t<a class=\"elementor-element elementor-element-7017514 e-con-full e-flex e-con e-child\" data-id=\"7017514\" data-element_type=\"container\" href=\"https:\/\/farmelder.eu\/fr\/farmelder_module3_unit2_en\" target=\"_blank\">\n\t\t\t\t<div class=\"elementor-element elementor-element-14e1402 elementor-widget__width-initial elementor-widget elementor-widget-heading\" data-id=\"14e1402\" data-element_type=\"widget\" data-widget_type=\"heading.default\">\n\t\t\t\t<div class=\"elementor-widget-container\">\n\t\t\t\t\t<span class=\"elementor-heading-title elementor-size-default\">Unit\u00e9 3.2<\/span>\t\t\t\t<\/div>\n\t\t\t\t<\/div>\n\t\t\t\t<div class=\"elementor-element elementor-element-ffe5113 elementor-widget elementor-widget-text-editor\" data-id=\"ffe5113\" data-element_type=\"widget\" data-widget_type=\"text-editor.default\">\n\t\t\t\t<div class=\"elementor-widget-container\">\n\t\t\t\t\t\t\t\t\t<p><strong>Raconter l&rsquo;histoire de l&rsquo;agriculture sociale pour les personnes \u00e2g\u00e9es<\/strong><\/p>\n<p>Cette unit\u00e9 vous fournit les connaissances de base sur la mani\u00e8re de communiquer les activit\u00e9s de votre exploitation. Elle vous montre comment cr\u00e9er et pr\u00e9senter avec succ\u00e8s l&rsquo;histoire de votre exploitation. <\/p>\n\t\t\t\t\t\t\t\t<\/div>\n\t\t\t\t<\/div>\n\t\t\t\t<\/a>\n\t\t\t\t<\/div>\n\t\t\t\t<\/div>\n\t\t\t\t\t<\/div>\n\t\t\t\t<\/div>\n\t\t<!-- dce invisible element 617bbb5 -->\t\t<\/div>\n\t\t","protected":false},"excerpt":{"rendered":"<p>Introduction aux modules de formation Bienvenue dans la section des modules de formation du projet FarmElder. Avant que vous ne commenciez \u00e0 lire et \u00e0 suivre les cours, nous aimerions vous donner une vue d&rsquo;ensemble des modules de formation d\u00e9velopp\u00e9s et vous pr\u00e9senter bri\u00e8vement leur application. Veuillez lire attentivement cette introduction afin d&rsquo;acqu\u00e9rir autant de [&hellip;]<\/p>\n","protected":false},"author":1,"featured_media":0,"parent":0,"menu_order":0,"comment_status":"closed","ping_status":"closed","template":"elementor_header_footer","meta":{"_acf_changed":false,"footnotes":""},"class_list":["post-1658","page","type-page","status-publish","hentry"],"acf":[],"yoast_head":"<!-- This site is optimized with the Yoast SEO plugin v24.5 - https:\/\/yoast.com\/wordpress\/plugins\/seo\/ -->\n<title>Mat\u00e9riel de formation - FarmElder<\/title>\n<meta name=\"robots\" content=\"index, follow, max-snippet:-1, max-image-preview:large, max-video-preview:-1\" \/>\n<link rel=\"canonical\" href=\"https:\/\/farmelder.eu\/fr\/materiel-de-formation\" \/>\n<meta property=\"og:locale\" content=\"fr_FR\" \/>\n<meta property=\"og:type\" content=\"article\" \/>\n<meta property=\"og:title\" content=\"Mat\u00e9riel de formation - FarmElder\" \/>\n<meta property=\"og:description\" content=\"Introduction aux modules de formation Bienvenue dans la section des modules de formation du projet FarmElder. Avant que vous ne commenciez \u00e0 lire et \u00e0 suivre les cours, nous aimerions vous donner une vue d&rsquo;ensemble des modules de formation d\u00e9velopp\u00e9s et vous pr\u00e9senter bri\u00e8vement leur application. Veuillez lire attentivement cette introduction afin d&rsquo;acqu\u00e9rir autant de [&hellip;]\" \/>\n<meta property=\"og:url\" content=\"https:\/\/farmelder.eu\/fr\/materiel-de-formation\" \/>\n<meta property=\"og:site_name\" content=\"FarmElder\" \/>\n<meta property=\"article:modified_time\" content=\"2024-06-20T07:06:29+00:00\" \/>\n<meta name=\"twitter:card\" content=\"summary_large_image\" \/>\n<meta name=\"twitter:label1\" content=\"Dur\u00e9e de lecture estim\u00e9e\" \/>\n\t<meta name=\"twitter:data1\" content=\"4 minutes\" \/>\n<script type=\"application\/ld+json\" class=\"yoast-schema-graph\">{\"@context\":\"https:\/\/schema.org\",\"@graph\":[{\"@type\":\"WebPage\",\"@id\":\"https:\/\/farmelder.eu\/fr\/materiel-de-formation\",\"url\":\"https:\/\/farmelder.eu\/fr\/materiel-de-formation\",\"name\":\"Mat\u00e9riel de formation - FarmElder\",\"isPartOf\":{\"@id\":\"https:\/\/farmelder.eu\/#website\"},\"datePublished\":\"2024-06-18T06:48:00+00:00\",\"dateModified\":\"2024-06-20T07:06:29+00:00\",\"breadcrumb\":{\"@id\":\"https:\/\/farmelder.eu\/fr\/materiel-de-formation#breadcrumb\"},\"inLanguage\":\"fr-FR\",\"potentialAction\":[{\"@type\":\"ReadAction\",\"target\":[\"https:\/\/farmelder.eu\/fr\/materiel-de-formation\"]}]},{\"@type\":\"BreadcrumbList\",\"@id\":\"https:\/\/farmelder.eu\/fr\/materiel-de-formation#breadcrumb\",\"itemListElement\":[{\"@type\":\"ListItem\",\"position\":1,\"name\":\"Home\",\"item\":\"https:\/\/farmelder.eu\/fr\/home\"},{\"@type\":\"ListItem\",\"position\":2,\"name\":\"Mat\u00e9riel de formation\"}]},{\"@type\":\"WebSite\",\"@id\":\"https:\/\/farmelder.eu\/#website\",\"url\":\"https:\/\/farmelder.eu\/\",\"name\":\"FarmElder\",\"description\":\"Social Farming for the Elderly\",\"publisher\":{\"@id\":\"https:\/\/farmelder.eu\/#organization\"},\"potentialAction\":[{\"@type\":\"SearchAction\",\"target\":{\"@type\":\"EntryPoint\",\"urlTemplate\":\"https:\/\/farmelder.eu\/?s={search_term_string}\"},\"query-input\":{\"@type\":\"PropertyValueSpecification\",\"valueRequired\":true,\"valueName\":\"search_term_string\"}}],\"inLanguage\":\"fr-FR\"},{\"@type\":\"Organization\",\"@id\":\"https:\/\/farmelder.eu\/#organization\",\"name\":\"FarmElder\",\"url\":\"https:\/\/farmelder.eu\/\",\"logo\":{\"@type\":\"ImageObject\",\"inLanguage\":\"fr-FR\",\"@id\":\"https:\/\/farmelder.eu\/#\/schema\/logo\/image\/\",\"url\":\"https:\/\/farmelder.eu\/wp-content\/uploads\/2022\/07\/Logotype_FarmElder-1-e1657271245827.png\",\"contentUrl\":\"https:\/\/farmelder.eu\/wp-content\/uploads\/2022\/07\/Logotype_FarmElder-1-e1657271245827.png\",\"width\":350,\"height\":197,\"caption\":\"FarmElder\"},\"image\":{\"@id\":\"https:\/\/farmelder.eu\/#\/schema\/logo\/image\/\"}}]}<\/script>\n<!-- \/ Yoast SEO plugin. -->","yoast_head_json":{"title":"Mat\u00e9riel de formation - FarmElder","robots":{"index":"index","follow":"follow","max-snippet":"max-snippet:-1","max-image-preview":"max-image-preview:large","max-video-preview":"max-video-preview:-1"},"canonical":"https:\/\/farmelder.eu\/fr\/materiel-de-formation","og_locale":"fr_FR","og_type":"article","og_title":"Mat\u00e9riel de formation - FarmElder","og_description":"Introduction aux modules de formation Bienvenue dans la section des modules de formation du projet FarmElder. Avant que vous ne commenciez \u00e0 lire et \u00e0 suivre les cours, nous aimerions vous donner une vue d&rsquo;ensemble des modules de formation d\u00e9velopp\u00e9s et vous pr\u00e9senter bri\u00e8vement leur application. Veuillez lire attentivement cette introduction afin d&rsquo;acqu\u00e9rir autant de [&hellip;]","og_url":"https:\/\/farmelder.eu\/fr\/materiel-de-formation","og_site_name":"FarmElder","article_modified_time":"2024-06-20T07:06:29+00:00","twitter_card":"summary_large_image","twitter_misc":{"Dur\u00e9e de lecture estim\u00e9e":"4 minutes"},"schema":{"@context":"https:\/\/schema.org","@graph":[{"@type":"WebPage","@id":"https:\/\/farmelder.eu\/fr\/materiel-de-formation","url":"https:\/\/farmelder.eu\/fr\/materiel-de-formation","name":"Mat\u00e9riel de formation - FarmElder","isPartOf":{"@id":"https:\/\/farmelder.eu\/#website"},"datePublished":"2024-06-18T06:48:00+00:00","dateModified":"2024-06-20T07:06:29+00:00","breadcrumb":{"@id":"https:\/\/farmelder.eu\/fr\/materiel-de-formation#breadcrumb"},"inLanguage":"fr-FR","potentialAction":[{"@type":"ReadAction","target":["https:\/\/farmelder.eu\/fr\/materiel-de-formation"]}]},{"@type":"BreadcrumbList","@id":"https:\/\/farmelder.eu\/fr\/materiel-de-formation#breadcrumb","itemListElement":[{"@type":"ListItem","position":1,"name":"Home","item":"https:\/\/farmelder.eu\/fr\/home"},{"@type":"ListItem","position":2,"name":"Mat\u00e9riel de formation"}]},{"@type":"WebSite","@id":"https:\/\/farmelder.eu\/#website","url":"https:\/\/farmelder.eu\/","name":"FarmElder","description":"Social Farming for the Elderly","publisher":{"@id":"https:\/\/farmelder.eu\/#organization"},"potentialAction":[{"@type":"SearchAction","target":{"@type":"EntryPoint","urlTemplate":"https:\/\/farmelder.eu\/?s={search_term_string}"},"query-input":{"@type":"PropertyValueSpecification","valueRequired":true,"valueName":"search_term_string"}}],"inLanguage":"fr-FR"},{"@type":"Organization","@id":"https:\/\/farmelder.eu\/#organization","name":"FarmElder","url":"https:\/\/farmelder.eu\/","logo":{"@type":"ImageObject","inLanguage":"fr-FR","@id":"https:\/\/farmelder.eu\/#\/schema\/logo\/image\/","url":"https:\/\/farmelder.eu\/wp-content\/uploads\/2022\/07\/Logotype_FarmElder-1-e1657271245827.png","contentUrl":"https:\/\/farmelder.eu\/wp-content\/uploads\/2022\/07\/Logotype_FarmElder-1-e1657271245827.png","width":350,"height":197,"caption":"FarmElder"},"image":{"@id":"https:\/\/farmelder.eu\/#\/schema\/logo\/image\/"}}]}},"_links":{"self":[{"href":"https:\/\/farmelder.eu\/fr\/wp-json\/wp\/v2\/pages\/1658","targetHints":{"allow":["GET"]}}],"collection":[{"href":"https:\/\/farmelder.eu\/fr\/wp-json\/wp\/v2\/pages"}],"about":[{"href":"https:\/\/farmelder.eu\/fr\/wp-json\/wp\/v2\/types\/page"}],"author":[{"embeddable":true,"href":"https:\/\/farmelder.eu\/fr\/wp-json\/wp\/v2\/users\/1"}],"replies":[{"embeddable":true,"href":"https:\/\/farmelder.eu\/fr\/wp-json\/wp\/v2\/comments?post=1658"}],"version-history":[{"count":2,"href":"https:\/\/farmelder.eu\/fr\/wp-json\/wp\/v2\/pages\/1658\/revisions"}],"predecessor-version":[{"id":1672,"href":"https:\/\/farmelder.eu\/fr\/wp-json\/wp\/v2\/pages\/1658\/revisions\/1672"}],"wp:attachment":[{"href":"https:\/\/farmelder.eu\/fr\/wp-json\/wp\/v2\/media?parent=1658"}],"curies":[{"name":"wp","href":"https:\/\/api.w.org\/{rel}","templated":true}]}}