{"id":1861,"date":"2024-07-03T09:02:06","date_gmt":"2024-07-03T09:02:06","guid":{"rendered":"https:\/\/farmelder.eu\/nationale-konferenz"},"modified":"2024-07-10T06:26:03","modified_gmt":"2024-07-10T06:26:03","slug":"nationale-konferenz","status":"publish","type":"page","link":"https:\/\/farmelder.eu\/de\/nationale-konferenz","title":{"rendered":"Nationale Konferenz"},"content":{"rendered":"\t\t<div data-elementor-type=\"wp-page\" data-elementor-id=\"1861\" class=\"elementor elementor-1861 elementor-1730\" data-elementor-post-type=\"page\">\n\t\t\t\t\t\t<section data-dce-background-color=\"#027940\" data-dce-background-overlay-color=\"#000000\" data-dce-background-image-url=\"https:\/\/farmelder.eu\/wp-content\/uploads\/2023\/03\/Breeda-OSullivans-farm4-Ireland-\u00a9-Tadhg-Hayes-scaled.jpg\" class=\"elementor-section elementor-top-section elementor-element elementor-element-5b8be42 elementor-section-boxed elementor-section-height-default elementor-section-height-default\" data-id=\"5b8be42\" data-element_type=\"section\" data-settings=\"{&quot;background_background&quot;:&quot;classic&quot;,&quot;background_motion_fx_motion_fx_scrolling&quot;:&quot;yes&quot;,&quot;background_motion_fx_devices&quot;:[&quot;desktop&quot;,&quot;tablet&quot;,&quot;mobile&quot;]}\">\n\t\t\t\t\t\t\t<div class=\"elementor-background-overlay\"><\/div>\n\t\t\t\t\t\t\t<div class=\"elementor-container elementor-column-gap-default\">\n\t\t\t\t\t<div class=\"elementor-column elementor-col-100 elementor-top-column elementor-element elementor-element-98a33ec\" data-id=\"98a33ec\" data-element_type=\"column\">\n\t\t\t<div class=\"elementor-widget-wrap elementor-element-populated\">\n\t\t\t\t\t\t\t<\/div>\n\t\t<\/div>\n\t\t\t\t\t<\/div>\n\t\t<\/section>\n\t\t<div class=\"elementor-element elementor-element-3feab95 e-flex e-con-boxed e-con e-parent\" data-id=\"3feab95\" data-element_type=\"container\">\n\t\t\t\t\t<div class=\"e-con-inner\">\n\t\t<div class=\"elementor-element elementor-element-62c1d3f e-con-full e-flex e-con e-child\" data-id=\"62c1d3f\" data-element_type=\"container\" data-settings=\"{&quot;background_background&quot;:&quot;classic&quot;}\">\n\t\t\t\t<div class=\"elementor-element elementor-element-1586bea elementor-widget elementor-widget-heading\" data-id=\"1586bea\" data-element_type=\"widget\" data-widget_type=\"heading.default\">\n\t\t\t\t<div class=\"elementor-widget-container\">\n\t\t\t\t\t<h4 class=\"elementor-heading-title elementor-size-default\">Nationale Slowenische Konferenz<\/h4>\t\t\t\t<\/div>\n\t\t\t\t<\/div>\n\t\t\t\t<div class=\"elementor-element elementor-element-903f8b3 elementor-widget elementor-widget-heading\" data-id=\"903f8b3\" data-element_type=\"widget\" data-widget_type=\"heading.default\">\n\t\t\t\t<div class=\"elementor-widget-container\">\n\t\t\t\t\t<div class=\"elementor-heading-title elementor-size-default\">15. Mai 2024<\/div>\t\t\t\t<\/div>\n\t\t\t\t<\/div>\n\t\t\t\t<div class=\"elementor-element elementor-element-5c3deb9 elementor-align-left elementor-mobile-align-center elementor-widget elementor-widget-button\" data-id=\"5c3deb9\" data-element_type=\"widget\" data-widget_type=\"button.default\">\n\t\t\t\t<div class=\"elementor-widget-container\">\n\t\t\t\t\t\t\t\t\t<div class=\"elementor-button-wrapper\">\n\t\t\t\t\t<a class=\"elementor-button elementor-button-link elementor-size-sm\" href=\"https:\/\/farmelder.eu\/de\/national-conference-slovenia-eng\" target=\"_blank\">\n\t\t\t\t\t\t<span class=\"elementor-button-content-wrapper\">\n\t\t\t\t\t\t\t\t\t<span class=\"elementor-button-text\">PDF pr\u00fcfen<\/span>\n\t\t\t\t\t<\/span>\n\t\t\t\t\t<\/a>\n\t\t\t\t<\/div>\n\t\t\t\t\t\t\t\t<\/div>\n\t\t\t\t<\/div>\n\t\t\t\t<\/div>\n\t\t<div class=\"elementor-element elementor-element-91c44db e-con-full e-flex e-con e-child\" data-id=\"91c44db\" data-element_type=\"container\" data-settings=\"{&quot;background_background&quot;:&quot;classic&quot;}\">\n\t\t\t\t<div class=\"elementor-element elementor-element-5860436 elementor-widget elementor-widget-heading\" data-id=\"5860436\" data-element_type=\"widget\" data-widget_type=\"heading.default\">\n\t\t\t\t<div class=\"elementor-widget-container\">\n\t\t\t\t\t<h4 class=\"elementor-heading-title elementor-size-default\">Irische Nationale Konferenz<\/h4>\t\t\t\t<\/div>\n\t\t\t\t<\/div>\n\t\t\t\t<div class=\"elementor-element elementor-element-bbc516e elementor-widget elementor-widget-heading\" data-id=\"bbc516e\" data-element_type=\"widget\" data-widget_type=\"heading.default\">\n\t\t\t\t<div class=\"elementor-widget-container\">\n\t\t\t\t\t<div class=\"elementor-heading-title elementor-size-default\">Mai 24, 2024<\/div>\t\t\t\t<\/div>\n\t\t\t\t<\/div>\n\t\t\t\t<div class=\"elementor-element elementor-element-23e05d8 elementor-align-left elementor-mobile-align-center elementor-widget elementor-widget-button\" data-id=\"23e05d8\" data-element_type=\"widget\" data-widget_type=\"button.default\">\n\t\t\t\t<div class=\"elementor-widget-container\">\n\t\t\t\t\t\t\t\t\t<div class=\"elementor-button-wrapper\">\n\t\t\t\t\t<a class=\"elementor-button elementor-button-link elementor-size-sm\" href=\"https:\/\/farmelder.eu\/de\/national-conference-ireland-eng\" target=\"_blank\">\n\t\t\t\t\t\t<span class=\"elementor-button-content-wrapper\">\n\t\t\t\t\t\t\t\t\t<span class=\"elementor-button-text\">PDF pr\u00fcfen<\/span>\n\t\t\t\t\t<\/span>\n\t\t\t\t\t<\/a>\n\t\t\t\t<\/div>\n\t\t\t\t\t\t\t\t<\/div>\n\t\t\t\t<\/div>\n\t\t\t\t<\/div>\n\t\t<div class=\"elementor-element elementor-element-87a7a9c e-con-full e-flex e-con e-child\" data-id=\"87a7a9c\" data-element_type=\"container\" data-settings=\"{&quot;background_background&quot;:&quot;classic&quot;}\">\n\t\t\t\t<div class=\"elementor-element elementor-element-bc4727d elementor-widget elementor-widget-heading\" data-id=\"bc4727d\" data-element_type=\"widget\" data-widget_type=\"heading.default\">\n\t\t\t\t<div class=\"elementor-widget-container\">\n\t\t\t\t\t<h4 class=\"elementor-heading-title elementor-size-default\">Portugiesische Nationale Konferenz<\/h4>\t\t\t\t<\/div>\n\t\t\t\t<\/div>\n\t\t\t\t<div class=\"elementor-element elementor-element-cd4973e elementor-widget elementor-widget-heading\" data-id=\"cd4973e\" data-element_type=\"widget\" data-widget_type=\"heading.default\">\n\t\t\t\t<div class=\"elementor-widget-container\">\n\t\t\t\t\t<div class=\"elementor-heading-title elementor-size-default\">3. Juni 2024<\/div>\t\t\t\t<\/div>\n\t\t\t\t<\/div>\n\t\t\t\t<div class=\"elementor-element elementor-element-988755d elementor-align-left elementor-mobile-align-center elementor-widget elementor-widget-button\" data-id=\"988755d\" data-element_type=\"widget\" data-widget_type=\"button.default\">\n\t\t\t\t<div class=\"elementor-widget-container\">\n\t\t\t\t\t\t\t\t\t<div class=\"elementor-button-wrapper\">\n\t\t\t\t\t<a class=\"elementor-button elementor-button-link elementor-size-sm\" href=\"https:\/\/farmelder.eu\/de\/national-conference-portugal-por-2\" target=\"_blank\">\n\t\t\t\t\t\t<span class=\"elementor-button-content-wrapper\">\n\t\t\t\t\t\t\t\t\t<span class=\"elementor-button-text\">PDF pr\u00fcfen<\/span>\n\t\t\t\t\t<\/span>\n\t\t\t\t\t<\/a>\n\t\t\t\t<\/div>\n\t\t\t\t\t\t\t\t<\/div>\n\t\t\t\t<\/div>\n\t\t\t\t<\/div>\n\t\t\t\t\t<\/div>\n\t\t\t\t<\/div>\n\t\t\t\t<\/div>\n\t\t","protected":false},"excerpt":{"rendered":"<p>Nationale Slowenische Konferenz 15. Mai 2024 PDF pr\u00fcfen Irische Nationale Konferenz Mai 24, 2024 PDF pr\u00fcfen Portugiesische Nationale Konferenz 3. Juni 2024 PDF pr\u00fcfen<\/p>\n","protected":false},"author":1,"featured_media":0,"parent":0,"menu_order":0,"comment_status":"closed","ping_status":"closed","template":"elementor_header_footer","meta":{"_acf_changed":false,"footnotes":""},"class_list":["post-1861","page","type-page","status-publish","hentry"],"acf":[],"yoast_head":"<!-- This site is optimized with the Yoast SEO plugin v24.5 - https:\/\/yoast.com\/wordpress\/plugins\/seo\/ -->\n<title>Nationale Konferenz - FarmElder<\/title>\n<meta name=\"robots\" content=\"index, follow, max-snippet:-1, max-image-preview:large, max-video-preview:-1\" \/>\n<link rel=\"canonical\" href=\"https:\/\/farmelder.eu\/de\/nationale-konferenz\" \/>\n<meta property=\"og:locale\" content=\"de_DE\" \/>\n<meta property=\"og:type\" content=\"article\" \/>\n<meta property=\"og:title\" content=\"Nationale Konferenz - FarmElder\" \/>\n<meta property=\"og:description\" content=\"Nationale Slowenische Konferenz 15. Mai 2024 PDF pr\u00fcfen Irische Nationale Konferenz Mai 24, 2024 PDF pr\u00fcfen Portugiesische Nationale Konferenz 3. Juni 2024 PDF pr\u00fcfen\" \/>\n<meta property=\"og:url\" content=\"https:\/\/farmelder.eu\/de\/nationale-konferenz\" \/>\n<meta property=\"og:site_name\" content=\"FarmElder\" \/>\n<meta property=\"article:modified_time\" content=\"2024-07-10T06:26:03+00:00\" \/>\n<meta name=\"twitter:card\" content=\"summary_large_image\" \/>\n<script type=\"application\/ld+json\" class=\"yoast-schema-graph\">{\"@context\":\"https:\/\/schema.org\",\"@graph\":[{\"@type\":\"WebPage\",\"@id\":\"https:\/\/farmelder.eu\/de\/nationale-konferenz\",\"url\":\"https:\/\/farmelder.eu\/de\/nationale-konferenz\",\"name\":\"Nationale Konferenz - FarmElder\",\"isPartOf\":{\"@id\":\"https:\/\/farmelder.eu\/#website\"},\"datePublished\":\"2024-07-03T09:02:06+00:00\",\"dateModified\":\"2024-07-10T06:26:03+00:00\",\"breadcrumb\":{\"@id\":\"https:\/\/farmelder.eu\/de\/nationale-konferenz#breadcrumb\"},\"inLanguage\":\"de\",\"potentialAction\":[{\"@type\":\"ReadAction\",\"target\":[\"https:\/\/farmelder.eu\/de\/nationale-konferenz\"]}]},{\"@type\":\"BreadcrumbList\",\"@id\":\"https:\/\/farmelder.eu\/de\/nationale-konferenz#breadcrumb\",\"itemListElement\":[{\"@type\":\"ListItem\",\"position\":1,\"name\":\"Home\",\"item\":\"https:\/\/farmelder.eu\/de\/startseite\"},{\"@type\":\"ListItem\",\"position\":2,\"name\":\"Nationale Konferenz\"}]},{\"@type\":\"WebSite\",\"@id\":\"https:\/\/farmelder.eu\/#website\",\"url\":\"https:\/\/farmelder.eu\/\",\"name\":\"FarmElder\",\"description\":\"Social Farming for the Elderly\",\"publisher\":{\"@id\":\"https:\/\/farmelder.eu\/#organization\"},\"potentialAction\":[{\"@type\":\"SearchAction\",\"target\":{\"@type\":\"EntryPoint\",\"urlTemplate\":\"https:\/\/farmelder.eu\/?s={search_term_string}\"},\"query-input\":{\"@type\":\"PropertyValueSpecification\",\"valueRequired\":true,\"valueName\":\"search_term_string\"}}],\"inLanguage\":\"de\"},{\"@type\":\"Organization\",\"@id\":\"https:\/\/farmelder.eu\/#organization\",\"name\":\"FarmElder\",\"url\":\"https:\/\/farmelder.eu\/\",\"logo\":{\"@type\":\"ImageObject\",\"inLanguage\":\"de\",\"@id\":\"https:\/\/farmelder.eu\/#\/schema\/logo\/image\/\",\"url\":\"https:\/\/farmelder.eu\/wp-content\/uploads\/2022\/07\/Logotype_FarmElder-1-e1657271245827.png\",\"contentUrl\":\"https:\/\/farmelder.eu\/wp-content\/uploads\/2022\/07\/Logotype_FarmElder-1-e1657271245827.png\",\"width\":350,\"height\":197,\"caption\":\"FarmElder\"},\"image\":{\"@id\":\"https:\/\/farmelder.eu\/#\/schema\/logo\/image\/\"}}]}<\/script>\n<!-- \/ Yoast SEO plugin. -->","yoast_head_json":{"title":"Nationale Konferenz - FarmElder","robots":{"index":"index","follow":"follow","max-snippet":"max-snippet:-1","max-image-preview":"max-image-preview:large","max-video-preview":"max-video-preview:-1"},"canonical":"https:\/\/farmelder.eu\/de\/nationale-konferenz","og_locale":"de_DE","og_type":"article","og_title":"Nationale Konferenz - FarmElder","og_description":"Nationale Slowenische Konferenz 15. Mai 2024 PDF pr\u00fcfen Irische Nationale Konferenz Mai 24, 2024 PDF pr\u00fcfen Portugiesische Nationale Konferenz 3. Juni 2024 PDF pr\u00fcfen","og_url":"https:\/\/farmelder.eu\/de\/nationale-konferenz","og_site_name":"FarmElder","article_modified_time":"2024-07-10T06:26:03+00:00","twitter_card":"summary_large_image","schema":{"@context":"https:\/\/schema.org","@graph":[{"@type":"WebPage","@id":"https:\/\/farmelder.eu\/de\/nationale-konferenz","url":"https:\/\/farmelder.eu\/de\/nationale-konferenz","name":"Nationale Konferenz - FarmElder","isPartOf":{"@id":"https:\/\/farmelder.eu\/#website"},"datePublished":"2024-07-03T09:02:06+00:00","dateModified":"2024-07-10T06:26:03+00:00","breadcrumb":{"@id":"https:\/\/farmelder.eu\/de\/nationale-konferenz#breadcrumb"},"inLanguage":"de","potentialAction":[{"@type":"ReadAction","target":["https:\/\/farmelder.eu\/de\/nationale-konferenz"]}]},{"@type":"BreadcrumbList","@id":"https:\/\/farmelder.eu\/de\/nationale-konferenz#breadcrumb","itemListElement":[{"@type":"ListItem","position":1,"name":"Home","item":"https:\/\/farmelder.eu\/de\/startseite"},{"@type":"ListItem","position":2,"name":"Nationale Konferenz"}]},{"@type":"WebSite","@id":"https:\/\/farmelder.eu\/#website","url":"https:\/\/farmelder.eu\/","name":"FarmElder","description":"Social Farming for the Elderly","publisher":{"@id":"https:\/\/farmelder.eu\/#organization"},"potentialAction":[{"@type":"SearchAction","target":{"@type":"EntryPoint","urlTemplate":"https:\/\/farmelder.eu\/?s={search_term_string}"},"query-input":{"@type":"PropertyValueSpecification","valueRequired":true,"valueName":"search_term_string"}}],"inLanguage":"de"},{"@type":"Organization","@id":"https:\/\/farmelder.eu\/#organization","name":"FarmElder","url":"https:\/\/farmelder.eu\/","logo":{"@type":"ImageObject","inLanguage":"de","@id":"https:\/\/farmelder.eu\/#\/schema\/logo\/image\/","url":"https:\/\/farmelder.eu\/wp-content\/uploads\/2022\/07\/Logotype_FarmElder-1-e1657271245827.png","contentUrl":"https:\/\/farmelder.eu\/wp-content\/uploads\/2022\/07\/Logotype_FarmElder-1-e1657271245827.png","width":350,"height":197,"caption":"FarmElder"},"image":{"@id":"https:\/\/farmelder.eu\/#\/schema\/logo\/image\/"}}]}},"_links":{"self":[{"href":"https:\/\/farmelder.eu\/de\/wp-json\/wp\/v2\/pages\/1861","targetHints":{"allow":["GET"]}}],"collection":[{"href":"https:\/\/farmelder.eu\/de\/wp-json\/wp\/v2\/pages"}],"about":[{"href":"https:\/\/farmelder.eu\/de\/wp-json\/wp\/v2\/types\/page"}],"author":[{"embeddable":true,"href":"https:\/\/farmelder.eu\/de\/wp-json\/wp\/v2\/users\/1"}],"replies":[{"embeddable":true,"href":"https:\/\/farmelder.eu\/de\/wp-json\/wp\/v2\/comments?post=1861"}],"version-history":[{"count":3,"href":"https:\/\/farmelder.eu\/de\/wp-json\/wp\/v2\/pages\/1861\/revisions"}],"predecessor-version":[{"id":1864,"href":"https:\/\/farmelder.eu\/de\/wp-json\/wp\/v2\/pages\/1861\/revisions\/1864"}],"wp:attachment":[{"href":"https:\/\/farmelder.eu\/de\/wp-json\/wp\/v2\/media?parent=1861"}],"curies":[{"name":"wp","href":"https:\/\/api.w.org\/{rel}","templated":true}]}}