{"id":1660,"date":"2024-06-18T06:48:00","date_gmt":"2024-06-18T06:48:00","guid":{"rendered":"https:\/\/farmelder.eu\/schulungsunterlagen"},"modified":"2024-06-20T07:11:32","modified_gmt":"2024-06-20T07:11:32","slug":"schulungsunterlagen","status":"publish","type":"page","link":"https:\/\/farmelder.eu\/de\/schulungsunterlagen","title":{"rendered":"Schulungsunterlagen"},"content":{"rendered":"\t\t<div data-elementor-type=\"wp-page\" data-elementor-id=\"1660\" class=\"elementor elementor-1660 elementor-1609\" data-elementor-post-type=\"page\">\n\t\t\t\t<div data-dce-background-color=\"#027940\" data-dce-background-overlay-color=\"#000000\" data-dce-background-image-url=\"https:\/\/farmelder.eu\/wp-content\/uploads\/2023\/03\/Biohof-Steinbock2-Germany-\u00a9-Biohof-Steinbock.jpg\" class=\"elementor-element elementor-element-ecad4bf e-flex e-con-boxed e-con e-parent\" data-id=\"ecad4bf\" data-element_type=\"container\" data-settings=\"{&quot;background_background&quot;:&quot;classic&quot;,&quot;background_motion_fx_motion_fx_scrolling&quot;:&quot;yes&quot;,&quot;background_motion_fx_devices&quot;:[&quot;desktop&quot;,&quot;tablet&quot;,&quot;mobile&quot;]}\">\n\t\t\t\t\t<div class=\"e-con-inner\">\n\t\t\t\t\t<\/div>\n\t\t\t\t<\/div>\n\t\t<div class=\"elementor-element elementor-element-0c2a599 e-flex e-con-boxed e-con e-parent\" data-id=\"0c2a599\" data-element_type=\"container\">\n\t\t\t\t\t<div class=\"e-con-inner\">\n\t\t\t\t<div class=\"elementor-element elementor-element-61ee1ab elementor-widget elementor-widget-heading\" data-id=\"61ee1ab\" data-element_type=\"widget\" data-widget_type=\"heading.default\">\n\t\t\t\t<div class=\"elementor-widget-container\">\n\t\t\t\t\t<h2 class=\"elementor-heading-title elementor-size-default\">Einf\u00fchrung in die Trainingsmodule<\/h2>\t\t\t\t<\/div>\n\t\t\t\t<\/div>\n\t\t\t\t<div class=\"elementor-element elementor-element-ff5728a elementor-widget elementor-widget-text-editor\" data-id=\"ff5728a\" data-element_type=\"widget\" data-widget_type=\"text-editor.default\">\n\t\t\t\t<div class=\"elementor-widget-container\">\n\t\t\t\t\t\t\t\t\t<p>Willkommen im Bereich der Trainingsmodule des FarmElder-Projekts.<\/p>\n<p>Bevor Sie mit dem Lesen und Durcharbeiten der Kurse beginnen, m\u00f6chten wir Ihnen einen \u00dcberblick \u00fcber alle von uns entwickelten Trainingsmodule und eine kurze Einf\u00fchrung in deren Anwendung geben. Bitte lesen Sie diese Einf\u00fchrung sorgf\u00e4ltig durch, um m\u00f6glichst viele Fertigkeiten und Kenntnisse aus den Modulen gewinnen zu k\u00f6nnen. <\/p>\n\t\t\t\t\t\t\t\t<\/div>\n\t\t\t\t<\/div>\n\t\t\t\t<div class=\"elementor-element elementor-element-8994765 elementor-align-center elementor-widget elementor-widget-button\" data-id=\"8994765\" data-element_type=\"widget\" data-widget_type=\"button.default\">\n\t\t\t\t<div class=\"elementor-widget-container\">\n\t\t\t\t\t\t\t\t\t<div class=\"elementor-button-wrapper\">\n\t\t\t\t\t<a class=\"elementor-button elementor-button-link elementor-size-sm\" href=\"#modules\">\n\t\t\t\t\t\t<span class=\"elementor-button-content-wrapper\">\n\t\t\t\t\t\t\t\t\t<span class=\"elementor-button-text\">Sehen Sie sich die Module an<\/span>\n\t\t\t\t\t<\/span>\n\t\t\t\t\t<\/a>\n\t\t\t\t<\/div>\n\t\t\t\t\t\t\t\t<\/div>\n\t\t\t\t<\/div>\n\t\t\t\t<div class=\"elementor-element elementor-element-4aa1308 elementor-widget elementor-widget-heading\" data-id=\"4aa1308\" data-element_type=\"widget\" data-widget_type=\"heading.default\">\n\t\t\t\t<div class=\"elementor-widget-container\">\n\t\t\t\t\t<h3 class=\"elementor-heading-title elementor-size-default\">1. In der Sozialen Landwirtschaft f\u00fcr und mit \u00e4lteren Menschen ben\u00f6tigte Fertigkeiten und Kenntnisse<\/h3>\t\t\t\t<\/div>\n\t\t\t\t<\/div>\n\t\t\t\t<div class=\"elementor-element elementor-element-ed90f54 elementor-widget elementor-widget-text-editor\" data-id=\"ed90f54\" data-element_type=\"widget\" data-widget_type=\"text-editor.default\">\n\t\t\t\t<div class=\"elementor-widget-container\">\n\t\t\t\t\t\t\t\t\t<p>Bevor wir mit der Arbeit an den Trainingsmodulen begannen, haben wir vorhandenes Material und Studien analysiert, mit Praktikern gesprochen und uns Beispiele aus der Praxis angesehen. <\/p>\n<p>Die Ergebnisse der Forschung und der Fallbeispiele haben zu Ver\u00f6ffentlichungen gef\u00fchrt, die auf der FarmElder-Website zu finden sind und die wir als unterst\u00fctzendes Material sehr empfehlen. Sie haben es uns erm\u00f6glicht, die Bereiche zu identifizieren, in denen Weiterbildungsbedarf besteht. <\/p>\n\t\t\t\t\t\t\t\t<\/div>\n\t\t\t\t<\/div>\n\t\t\t\t<div class=\"elementor-element elementor-element-072ef9c elementor-widget elementor-widget-heading\" data-id=\"072ef9c\" data-element_type=\"widget\" data-widget_type=\"heading.default\">\n\t\t\t\t<div class=\"elementor-widget-container\">\n\t\t\t\t\t<h3 class=\"elementor-heading-title elementor-size-default\">2. Ben\u00f6tigte Zeit, um alle Module abzuschlie\u00dfen<\/h3>\t\t\t\t<\/div>\n\t\t\t\t<\/div>\n\t\t\t\t<div class=\"elementor-element elementor-element-01b6c19 elementor-widget elementor-widget-text-editor\" data-id=\"01b6c19\" data-element_type=\"widget\" data-widget_type=\"text-editor.default\">\n\t\t\t\t<div class=\"elementor-widget-container\">\n\t\t\t\t\t\t\t\t\t<p>Die Trainingsmodule bieten spezifische Informationen \u00fcber Soziale Landwirtschaft f\u00fcr \u00e4ltere Menschen und geben einen Einblick in die Praxis sowie inspirierende Geschichten, insbesondere f\u00fcr diejenigen, die dar\u00fcber nachdenken, sich st\u00e4rker zu engagieren und soziale Dienstleistungen auf dem eigenen Hof anzubieten.<\/p>\n<p>Wir empfehlen Ihnen, die Module gr\u00fcndlich zu studieren und sie nicht \u00fcberst\u00fcrzt durchzuarbeiten. Nehmen Sie sich Zeit und gehen Sie sie vielleicht mehrmals durch &#8211; wenn n\u00f6tig auch immer wieder. <\/p>\n<p>Je nach Ihrem Lerntempo und dem jeweiligen Modul sollten Sie sich mindestens 45-60 Minuten Zeit nehmen, um jede Modul vollst\u00e4ndig durchzuarbeiten.<\/p>\n\t\t\t\t\t\t\t\t<\/div>\n\t\t\t\t<\/div>\n\t\t\t\t<div class=\"elementor-element elementor-element-36fee3e elementor-widget elementor-widget-heading\" data-id=\"36fee3e\" data-element_type=\"widget\" data-widget_type=\"heading.default\">\n\t\t\t\t<div class=\"elementor-widget-container\">\n\t\t\t\t\t<h3 class=\"elementor-heading-title elementor-size-default\">3. Prinzipien des Selbstlernens - wie die Module bearbeitet werden k\u00f6nnen<\/h3>\t\t\t\t<\/div>\n\t\t\t\t<\/div>\n\t\t\t\t<div class=\"elementor-element elementor-element-6ba7d4e elementor-widget elementor-widget-text-editor\" data-id=\"6ba7d4e\" data-element_type=\"widget\" data-widget_type=\"text-editor.default\">\n\t\t\t\t<div class=\"elementor-widget-container\">\n\t\t\t\t\t\t\t\t\t<p>Wir haben die Trainingsmodule so konzipiert, dass sie in ganz Europa eingesetzt werden k\u00f6nnen und f\u00fcr ein breites Spektrum von Leserinnen und Lesern gleicherma\u00dfen n\u00fctzlich sind.<\/p>\n<p>Wie Sie die Trainingsmodule nutzen k\u00f6nnen:<\/p>\n<ul>\n<li>Sie k\u00f6nnen alle Module sehr schnell durchgehen, um sich einen \u00dcberblick \u00fcber die Inhalte zu verschaffen, und sich dann ein zweites Mal intensiver auf die Themen konzentrieren, die Sie pers\u00f6nlich interessieren.<\/li>\n<li>Gehen Sie alle Module Schritt f\u00fcr Schritt durch, da die gesamten Inhalte aus der Bedarfsanalyse zu Beginn des Projekts zusammengefasst wurden und somit eine gro\u00dfe Bandbreite an wichtigem Wissen vermittelt wird. Nicht alles wird in Ihrer jetzigen Situation relevant sein &#8211; aber vielleicht in der Zukunft <\/li>\n<li>Gehen Sie die Module alleine oder in einer Gruppe durch und tauschen Sie Ihre Erkenntnisse oder Ihre Meinung zu den bereitgestellten Inhalten aus<\/li>\n<\/ul>\n\t\t\t\t\t\t\t\t<\/div>\n\t\t\t\t<\/div>\n\t\t\t\t<div class=\"elementor-element elementor-element-24b25c2 elementor-widget elementor-widget-menu-anchor\" data-id=\"24b25c2\" data-element_type=\"widget\" data-widget_type=\"menu-anchor.default\">\n\t\t\t\t<div class=\"elementor-widget-container\">\n\t\t\t\t\t\t\t<div class=\"elementor-menu-anchor\" id=\"modules\"><\/div>\n\t\t\t\t\t\t<\/div>\n\t\t\t\t<\/div>\n\t\t<div class=\"elementor-element elementor-element-07673b8 e-con-full e-flex e-con e-child\" data-id=\"07673b8\" data-element_type=\"container\">\n\t\t<div class=\"elementor-element elementor-element-c6c8842 e-con-full e-flex e-con e-child\" data-id=\"c6c8842\" data-element_type=\"container\" data-settings=\"{&quot;background_background&quot;:&quot;classic&quot;}\">\n\t\t\t\t<div class=\"elementor-element elementor-element-ca83d09 elementor-widget elementor-widget-heading\" data-id=\"ca83d09\" data-element_type=\"widget\" data-widget_type=\"heading.default\">\n\t\t\t\t<div class=\"elementor-widget-container\">\n\t\t\t\t\t<h3 class=\"elementor-heading-title elementor-size-default\">Themenbereich 1 - Das Umfeld\n<\/h3>\t\t\t\t<\/div>\n\t\t\t\t<\/div>\n\t\t<a class=\"elementor-element elementor-element-bbb721b e-con-full e-flex e-con e-child\" data-id=\"bbb721b\" data-element_type=\"container\" href=\"https:\/\/farmelder.eu\/de\/farmelder_module1_unit1_en\" target=\"_blank\">\n\t\t\t\t<div class=\"elementor-element elementor-element-35190e0 elementor-widget__width-initial elementor-widget elementor-widget-heading\" data-id=\"35190e0\" data-element_type=\"widget\" data-widget_type=\"heading.default\">\n\t\t\t\t<div class=\"elementor-widget-container\">\n\t\t\t\t\t<span class=\"elementor-heading-title elementor-size-default\">Modul 1.1<\/span>\t\t\t\t<\/div>\n\t\t\t\t<\/div>\n\t\t\t\t<div class=\"elementor-element elementor-element-f19ad66 elementor-widget elementor-widget-text-editor\" data-id=\"f19ad66\" data-element_type=\"widget\" data-widget_type=\"text-editor.default\">\n\t\t\t\t<div class=\"elementor-widget-container\">\n\t\t\t\t\t\t\t\t\t<p><strong>\u00c4ltere Menschen in Europa <\/strong><\/p>\n<p>In diesem Modul werden Sie etwas \u00fcber den demografischen Wandel in Europa erfahren und wie sich dieser in den kommenden Jahren auf die \u00e4lteren Menschen auswirken wird. Neben einigen Beispielen f\u00fcr die Herausforderungen erhalten Sie auch einen Einblick, wie diese Probleme angegangen werden k\u00f6nnten. <\/p>\n\t\t\t\t\t\t\t\t<\/div>\n\t\t\t\t<\/div>\n\t\t\t\t<\/a>\n\t\t<a class=\"elementor-element elementor-element-1584db9 e-con-full e-flex e-con e-child\" data-id=\"1584db9\" data-element_type=\"container\" href=\"https:\/\/farmelder.eu\/de\/farmelder_module1_unit2_en\" target=\"_blank\">\n\t\t\t\t<div class=\"elementor-element elementor-element-e755d46 elementor-widget__width-initial elementor-widget elementor-widget-heading\" data-id=\"e755d46\" data-element_type=\"widget\" data-widget_type=\"heading.default\">\n\t\t\t\t<div class=\"elementor-widget-container\">\n\t\t\t\t\t<span class=\"elementor-heading-title elementor-size-default\">Modul 1.2<\/span>\t\t\t\t<\/div>\n\t\t\t\t<\/div>\n\t\t\t\t<div class=\"elementor-element elementor-element-75fc1c1 elementor-widget elementor-widget-text-editor\" data-id=\"75fc1c1\" data-element_type=\"widget\" data-widget_type=\"text-editor.default\">\n\t\t\t\t<div class=\"elementor-widget-container\">\n\t\t\t\t\t\t\t\t\t<p><strong>Herausforderungen f\u00fcr \u00e4ltere Menschen<\/strong><\/p>\n<p>Sie werden etwas \u00fcber die Bed\u00fcrfnisse und Herausforderungen \u00e4lterer Menschen insbesondere in l\u00e4ndlichen Gebieten erfahren. Dies hilft dabei, \u00e4ltere Menschen und deren Bed\u00fcrfnisse besser zu verstehen. <\/p>\n\t\t\t\t\t\t\t\t<\/div>\n\t\t\t\t<\/div>\n\t\t\t\t<\/a>\n\t\t\t\t<\/div>\n\t\t<div class=\"elementor-element elementor-element-65301c0 e-con-full e-flex e-con e-child\" data-id=\"65301c0\" data-element_type=\"container\" data-settings=\"{&quot;background_background&quot;:&quot;classic&quot;}\">\n\t\t\t\t<div class=\"elementor-element elementor-element-2af4959 elementor-widget elementor-widget-heading\" data-id=\"2af4959\" data-element_type=\"widget\" data-widget_type=\"heading.default\">\n\t\t\t\t<div class=\"elementor-widget-container\">\n\t\t\t\t\t<h3 class=\"elementor-heading-title elementor-size-default\">Themenbereich 2 - Soziale Landwirtschaft f\u00fcr \u00e4ltere Menschen\n<\/h3>\t\t\t\t<\/div>\n\t\t\t\t<\/div>\n\t\t<a class=\"elementor-element elementor-element-8884a18 e-con-full e-flex e-con e-child\" data-id=\"8884a18\" data-element_type=\"container\" href=\"https:\/\/farmelder.eu\/de\/farmelder_module2_unit-1_en\" target=\"_blank\">\n\t\t\t\t<div class=\"elementor-element elementor-element-6ceca99 elementor-widget__width-initial elementor-widget elementor-widget-heading\" data-id=\"6ceca99\" data-element_type=\"widget\" data-widget_type=\"heading.default\">\n\t\t\t\t<div class=\"elementor-widget-container\">\n\t\t\t\t\t<span class=\"elementor-heading-title elementor-size-default\">Modul 2.1<\/span>\t\t\t\t<\/div>\n\t\t\t\t<\/div>\n\t\t\t\t<div class=\"elementor-element elementor-element-4359234 elementor-widget elementor-widget-text-editor\" data-id=\"4359234\" data-element_type=\"widget\" data-widget_type=\"text-editor.default\">\n\t\t\t\t<div class=\"elementor-widget-container\">\n\t\t\t\t\t\t\t\t\t<p><strong>Formen Sozialer Landwirtschaft f\u00fcr \u00e4ltere Menschen<\/strong><\/p>\n<p>In diesem Modul werden verschiedene M\u00f6glichkeiten f\u00fcr soziale Dienstleistungen in landwirtschaftlichen Betrieben vorgestellt. Obwohl sie sich alle an \u00e4ltere Menschen richten, k\u00f6nnen sie sich in Form und Umfang stark unterscheiden. Illustriert werden die Dienstleistungen mit den FarmElder Fallbeispielen.  <\/p>\n\t\t\t\t\t\t\t\t<\/div>\n\t\t\t\t<\/div>\n\t\t\t\t<\/a>\n\t\t<a class=\"elementor-element elementor-element-486deac e-con-full e-flex e-con e-child\" data-id=\"486deac\" data-element_type=\"container\" href=\"https:\/\/farmelder.eu\/de\/farmelder_module2_unit2_-en\" target=\"_blank\">\n\t\t\t\t<div class=\"elementor-element elementor-element-c4eb1d9 elementor-widget__width-initial elementor-widget elementor-widget-heading\" data-id=\"c4eb1d9\" data-element_type=\"widget\" data-widget_type=\"heading.default\">\n\t\t\t\t<div class=\"elementor-widget-container\">\n\t\t\t\t\t<span class=\"elementor-heading-title elementor-size-default\">Modul 2.2<\/span>\t\t\t\t<\/div>\n\t\t\t\t<\/div>\n\t\t\t\t<div class=\"elementor-element elementor-element-a9997c4 elementor-widget elementor-widget-text-editor\" data-id=\"a9997c4\" data-element_type=\"widget\" data-widget_type=\"text-editor.default\">\n\t\t\t\t<div class=\"elementor-widget-container\">\n\t\t\t\t\t\t\t\t\t<p><strong>Soziale Kompetenz in der Arbeit mit \u00e4lteren Menschen<\/strong><\/p>\n<p>Dieses Modul vermittelt ein Verst\u00e4ndnis f\u00fcr notwendige Soft Skills und die Bedeutung von Konfliktmanagement und erm\u00f6glicht es den Lernenden, \u00fcber die Auswirkungen der Arbeit f\u00fcr und mit \u00e4lteren Menschen auf einem landwirtschaftlichen Betrieb nachzudenken.<\/p>\n\t\t\t\t\t\t\t\t<\/div>\n\t\t\t\t<\/div>\n\t\t\t\t<\/a>\n\t\t\t\t<\/div>\n\t\t<div class=\"elementor-element elementor-element-5f24a3c e-con-full e-flex e-con e-child\" data-id=\"5f24a3c\" data-element_type=\"container\" data-settings=\"{&quot;background_background&quot;:&quot;classic&quot;}\">\n\t\t\t\t<div class=\"elementor-element elementor-element-0053f77 elementor-widget elementor-widget-heading\" data-id=\"0053f77\" data-element_type=\"widget\" data-widget_type=\"heading.default\">\n\t\t\t\t<div class=\"elementor-widget-container\">\n\t\t\t\t\t<h3 class=\"elementor-heading-title elementor-size-default\">Themenbereich 3 - Soziale Landwirtschaft f\u00fcr \u00e4ltere Menschen verbreiten<\/h3>\t\t\t\t<\/div>\n\t\t\t\t<\/div>\n\t\t<a class=\"elementor-element elementor-element-5d26520 e-con-full e-flex e-con e-child\" data-id=\"5d26520\" data-element_type=\"container\" href=\"https:\/\/farmelder.eu\/de\/farmelder_module3_unit1_en\" target=\"_blank\">\n\t\t\t\t<div class=\"elementor-element elementor-element-a76537f elementor-widget__width-initial elementor-widget elementor-widget-heading\" data-id=\"a76537f\" data-element_type=\"widget\" data-widget_type=\"heading.default\">\n\t\t\t\t<div class=\"elementor-widget-container\">\n\t\t\t\t\t<span class=\"elementor-heading-title elementor-size-default\">Modul 3.1<\/span>\t\t\t\t<\/div>\n\t\t\t\t<\/div>\n\t\t\t\t<div class=\"elementor-element elementor-element-7346951 elementor-widget elementor-widget-text-editor\" data-id=\"7346951\" data-element_type=\"widget\" data-widget_type=\"text-editor.default\">\n\t\t\t\t<div class=\"elementor-widget-container\">\n\t\t\t\t\t\t\t\t\t<p><strong>Zusammenarbeit und Kommunikation<\/strong><\/p>\n<p>Grundlegendes zur Kommunikation wird vorgestellt und gezeigt, wie Sie eine erfolgreiche gesch\u00e4ftliche Zusammenarbeit aufbauen k\u00f6nnen. Dazu geh\u00f6ren die Ermittlung von Bed\u00fcrfnissen, die Definition des Bereichs der Zusammenarbeit und was bei der Suche nach einem gesch\u00e4ftlichen Partner wichtig ist. <\/p>\n\t\t\t\t\t\t\t\t<\/div>\n\t\t\t\t<\/div>\n\t\t\t\t<\/a>\n\t\t<a class=\"elementor-element elementor-element-7017514 e-con-full e-flex e-con e-child\" data-id=\"7017514\" data-element_type=\"container\" href=\"https:\/\/farmelder.eu\/de\/farmelder_module3_unit2_en\" target=\"_blank\">\n\t\t\t\t<div class=\"elementor-element elementor-element-14e1402 elementor-widget__width-initial elementor-widget elementor-widget-heading\" data-id=\"14e1402\" data-element_type=\"widget\" data-widget_type=\"heading.default\">\n\t\t\t\t<div class=\"elementor-widget-container\">\n\t\t\t\t\t<span class=\"elementor-heading-title elementor-size-default\">Modul 3.2<\/span>\t\t\t\t<\/div>\n\t\t\t\t<\/div>\n\t\t\t\t<div class=\"elementor-element elementor-element-ffe5113 elementor-widget elementor-widget-text-editor\" data-id=\"ffe5113\" data-element_type=\"widget\" data-widget_type=\"text-editor.default\">\n\t\t\t\t<div class=\"elementor-widget-container\">\n\t\t\t\t\t\t\t\t\t<p><strong>Storytelling \u2013 Erz\u00e4hle die Geschichte deiner Sozialen Landwirtschaft f\u00fcr \u00e4ltere Menschen<\/strong><\/p>\n<p>Basiswissen, das dabei hilft, die eigenen Aktivit\u00e4ten im Bereich Soziale Landwirtschaft pr\u00e4sentieren zu k\u00f6nnen, z.B. als einzigartige \u201eStory\u201c Ihres Hofes. <\/p>\n\t\t\t\t\t\t\t\t<\/div>\n\t\t\t\t<\/div>\n\t\t\t\t<\/a>\n\t\t\t\t<\/div>\n\t\t\t\t<\/div>\n\t\t\t\t\t<\/div>\n\t\t\t\t<\/div>\n\t\t<!-- dce invisible element 617bbb5 -->\t\t<\/div>\n\t\t","protected":false},"excerpt":{"rendered":"<p>Einf\u00fchrung in die Trainingsmodule Willkommen im Bereich der Trainingsmodule des FarmElder-Projekts. Bevor Sie mit dem Lesen und Durcharbeiten der Kurse beginnen, m\u00f6chten wir Ihnen einen \u00dcberblick \u00fcber alle von uns entwickelten Trainingsmodule und eine kurze Einf\u00fchrung in deren Anwendung geben. Bitte lesen Sie diese Einf\u00fchrung sorgf\u00e4ltig durch, um m\u00f6glichst viele Fertigkeiten und Kenntnisse aus den [&hellip;]<\/p>\n","protected":false},"author":1,"featured_media":0,"parent":0,"menu_order":0,"comment_status":"closed","ping_status":"closed","template":"elementor_header_footer","meta":{"_acf_changed":false,"footnotes":""},"class_list":["post-1660","page","type-page","status-publish","hentry"],"acf":[],"yoast_head":"<!-- This site is optimized with the Yoast SEO plugin v24.5 - https:\/\/yoast.com\/wordpress\/plugins\/seo\/ -->\n<title>Schulungsunterlagen - FarmElder<\/title>\n<meta name=\"robots\" content=\"index, follow, max-snippet:-1, max-image-preview:large, max-video-preview:-1\" \/>\n<link rel=\"canonical\" href=\"https:\/\/farmelder.eu\/de\/schulungsunterlagen\" \/>\n<meta property=\"og:locale\" content=\"de_DE\" \/>\n<meta property=\"og:type\" content=\"article\" \/>\n<meta property=\"og:title\" content=\"Schulungsunterlagen - FarmElder\" \/>\n<meta property=\"og:description\" content=\"Einf\u00fchrung in die Trainingsmodule Willkommen im Bereich der Trainingsmodule des FarmElder-Projekts. Bevor Sie mit dem Lesen und Durcharbeiten der Kurse beginnen, m\u00f6chten wir Ihnen einen \u00dcberblick \u00fcber alle von uns entwickelten Trainingsmodule und eine kurze Einf\u00fchrung in deren Anwendung geben. Bitte lesen Sie diese Einf\u00fchrung sorgf\u00e4ltig durch, um m\u00f6glichst viele Fertigkeiten und Kenntnisse aus den [&hellip;]\" \/>\n<meta property=\"og:url\" content=\"https:\/\/farmelder.eu\/de\/schulungsunterlagen\" \/>\n<meta property=\"og:site_name\" content=\"FarmElder\" \/>\n<meta property=\"article:modified_time\" content=\"2024-06-20T07:11:32+00:00\" \/>\n<meta name=\"twitter:card\" content=\"summary_large_image\" \/>\n<meta name=\"twitter:label1\" content=\"Gesch\u00e4tzte Lesezeit\" \/>\n\t<meta name=\"twitter:data1\" content=\"4\u00a0Minuten\" \/>\n<script type=\"application\/ld+json\" class=\"yoast-schema-graph\">{\"@context\":\"https:\/\/schema.org\",\"@graph\":[{\"@type\":\"WebPage\",\"@id\":\"https:\/\/farmelder.eu\/de\/schulungsunterlagen\",\"url\":\"https:\/\/farmelder.eu\/de\/schulungsunterlagen\",\"name\":\"Schulungsunterlagen - FarmElder\",\"isPartOf\":{\"@id\":\"https:\/\/farmelder.eu\/#website\"},\"datePublished\":\"2024-06-18T06:48:00+00:00\",\"dateModified\":\"2024-06-20T07:11:32+00:00\",\"breadcrumb\":{\"@id\":\"https:\/\/farmelder.eu\/de\/schulungsunterlagen#breadcrumb\"},\"inLanguage\":\"de\",\"potentialAction\":[{\"@type\":\"ReadAction\",\"target\":[\"https:\/\/farmelder.eu\/de\/schulungsunterlagen\"]}]},{\"@type\":\"BreadcrumbList\",\"@id\":\"https:\/\/farmelder.eu\/de\/schulungsunterlagen#breadcrumb\",\"itemListElement\":[{\"@type\":\"ListItem\",\"position\":1,\"name\":\"Home\",\"item\":\"https:\/\/farmelder.eu\/de\/startseite\"},{\"@type\":\"ListItem\",\"position\":2,\"name\":\"Schulungsunterlagen\"}]},{\"@type\":\"WebSite\",\"@id\":\"https:\/\/farmelder.eu\/#website\",\"url\":\"https:\/\/farmelder.eu\/\",\"name\":\"FarmElder\",\"description\":\"Social Farming for the Elderly\",\"publisher\":{\"@id\":\"https:\/\/farmelder.eu\/#organization\"},\"potentialAction\":[{\"@type\":\"SearchAction\",\"target\":{\"@type\":\"EntryPoint\",\"urlTemplate\":\"https:\/\/farmelder.eu\/?s={search_term_string}\"},\"query-input\":{\"@type\":\"PropertyValueSpecification\",\"valueRequired\":true,\"valueName\":\"search_term_string\"}}],\"inLanguage\":\"de\"},{\"@type\":\"Organization\",\"@id\":\"https:\/\/farmelder.eu\/#organization\",\"name\":\"FarmElder\",\"url\":\"https:\/\/farmelder.eu\/\",\"logo\":{\"@type\":\"ImageObject\",\"inLanguage\":\"de\",\"@id\":\"https:\/\/farmelder.eu\/#\/schema\/logo\/image\/\",\"url\":\"https:\/\/farmelder.eu\/wp-content\/uploads\/2022\/07\/Logotype_FarmElder-1-e1657271245827.png\",\"contentUrl\":\"https:\/\/farmelder.eu\/wp-content\/uploads\/2022\/07\/Logotype_FarmElder-1-e1657271245827.png\",\"width\":350,\"height\":197,\"caption\":\"FarmElder\"},\"image\":{\"@id\":\"https:\/\/farmelder.eu\/#\/schema\/logo\/image\/\"}}]}<\/script>\n<!-- \/ Yoast SEO plugin. -->","yoast_head_json":{"title":"Schulungsunterlagen - FarmElder","robots":{"index":"index","follow":"follow","max-snippet":"max-snippet:-1","max-image-preview":"max-image-preview:large","max-video-preview":"max-video-preview:-1"},"canonical":"https:\/\/farmelder.eu\/de\/schulungsunterlagen","og_locale":"de_DE","og_type":"article","og_title":"Schulungsunterlagen - FarmElder","og_description":"Einf\u00fchrung in die Trainingsmodule Willkommen im Bereich der Trainingsmodule des FarmElder-Projekts. Bevor Sie mit dem Lesen und Durcharbeiten der Kurse beginnen, m\u00f6chten wir Ihnen einen \u00dcberblick \u00fcber alle von uns entwickelten Trainingsmodule und eine kurze Einf\u00fchrung in deren Anwendung geben. Bitte lesen Sie diese Einf\u00fchrung sorgf\u00e4ltig durch, um m\u00f6glichst viele Fertigkeiten und Kenntnisse aus den [&hellip;]","og_url":"https:\/\/farmelder.eu\/de\/schulungsunterlagen","og_site_name":"FarmElder","article_modified_time":"2024-06-20T07:11:32+00:00","twitter_card":"summary_large_image","twitter_misc":{"Gesch\u00e4tzte Lesezeit":"4\u00a0Minuten"},"schema":{"@context":"https:\/\/schema.org","@graph":[{"@type":"WebPage","@id":"https:\/\/farmelder.eu\/de\/schulungsunterlagen","url":"https:\/\/farmelder.eu\/de\/schulungsunterlagen","name":"Schulungsunterlagen - FarmElder","isPartOf":{"@id":"https:\/\/farmelder.eu\/#website"},"datePublished":"2024-06-18T06:48:00+00:00","dateModified":"2024-06-20T07:11:32+00:00","breadcrumb":{"@id":"https:\/\/farmelder.eu\/de\/schulungsunterlagen#breadcrumb"},"inLanguage":"de","potentialAction":[{"@type":"ReadAction","target":["https:\/\/farmelder.eu\/de\/schulungsunterlagen"]}]},{"@type":"BreadcrumbList","@id":"https:\/\/farmelder.eu\/de\/schulungsunterlagen#breadcrumb","itemListElement":[{"@type":"ListItem","position":1,"name":"Home","item":"https:\/\/farmelder.eu\/de\/startseite"},{"@type":"ListItem","position":2,"name":"Schulungsunterlagen"}]},{"@type":"WebSite","@id":"https:\/\/farmelder.eu\/#website","url":"https:\/\/farmelder.eu\/","name":"FarmElder","description":"Social Farming for the Elderly","publisher":{"@id":"https:\/\/farmelder.eu\/#organization"},"potentialAction":[{"@type":"SearchAction","target":{"@type":"EntryPoint","urlTemplate":"https:\/\/farmelder.eu\/?s={search_term_string}"},"query-input":{"@type":"PropertyValueSpecification","valueRequired":true,"valueName":"search_term_string"}}],"inLanguage":"de"},{"@type":"Organization","@id":"https:\/\/farmelder.eu\/#organization","name":"FarmElder","url":"https:\/\/farmelder.eu\/","logo":{"@type":"ImageObject","inLanguage":"de","@id":"https:\/\/farmelder.eu\/#\/schema\/logo\/image\/","url":"https:\/\/farmelder.eu\/wp-content\/uploads\/2022\/07\/Logotype_FarmElder-1-e1657271245827.png","contentUrl":"https:\/\/farmelder.eu\/wp-content\/uploads\/2022\/07\/Logotype_FarmElder-1-e1657271245827.png","width":350,"height":197,"caption":"FarmElder"},"image":{"@id":"https:\/\/farmelder.eu\/#\/schema\/logo\/image\/"}}]}},"_links":{"self":[{"href":"https:\/\/farmelder.eu\/de\/wp-json\/wp\/v2\/pages\/1660","targetHints":{"allow":["GET"]}}],"collection":[{"href":"https:\/\/farmelder.eu\/de\/wp-json\/wp\/v2\/pages"}],"about":[{"href":"https:\/\/farmelder.eu\/de\/wp-json\/wp\/v2\/types\/page"}],"author":[{"embeddable":true,"href":"https:\/\/farmelder.eu\/de\/wp-json\/wp\/v2\/users\/1"}],"replies":[{"embeddable":true,"href":"https:\/\/farmelder.eu\/de\/wp-json\/wp\/v2\/comments?post=1660"}],"version-history":[{"count":2,"href":"https:\/\/farmelder.eu\/de\/wp-json\/wp\/v2\/pages\/1660\/revisions"}],"predecessor-version":[{"id":1673,"href":"https:\/\/farmelder.eu\/de\/wp-json\/wp\/v2\/pages\/1660\/revisions\/1673"}],"wp:attachment":[{"href":"https:\/\/farmelder.eu\/de\/wp-json\/wp\/v2\/media?parent=1660"}],"curies":[{"name":"wp","href":"https:\/\/api.w.org\/{rel}","templated":true}]}}